{"id":1166,"date":"2020-12-27T15:35:38","date_gmt":"2020-12-27T15:35:38","guid":{"rendered":"https:\/\/www.aiudulmeu.ro\/szabo\/?page_id=1166"},"modified":"2023-09-15T08:10:00","modified_gmt":"2023-09-15T08:10:00","slug":"visszaemlekezesek","status":"publish","type":"page","link":"https:\/\/www.aiudulmeu.ro\/szabo\/visszaemlekezesek\/","title":{"rendered":"Visszaeml\u00e9kez\u00e9sek"},"content":{"rendered":"<div class=\"wpb-content-wrapper\"><p>[vc_row content_placement=&#8221;top&#8221; fullwidth=&#8221;yes&#8221; parallax_bg=&#8221;true&#8221;][vc_column][vc_single_image image=&#8221;1174&#8243; img_size=&#8221;full&#8221;][\/vc_column][\/vc_row][vc_row][vc_column offset=&#8221;vc_col-md-12&#8243;]\n    <h2 class=\"text-left\" >Visszaeml\u00e9kez\u00e9sek<\/h2>\n    \t    <div class=\"wprt-lines style-1 custom-3\">\n\t        <div class=\"line-1\"><\/div>\n\t    <\/div>\n    \n        \t\n[vc_empty_space height=&#8221;50px&#8221;]\n    <h3 class=\"text-left\" >R\u00e1cz Levente \u2013 Elment a nagyenyedi polg\u00e1r<\/h3>\n    \n        \t\n[vc_column_text css=&#8221;.vc_custom_1667048050045{margin-top: 25px !important;margin-bottom: 25px !important;}&#8221;]Szab\u00f3 J\u00e1nos, Jancsi b\u00e1csi, t\u0151sgy\u00f6keres nagyenyedi polg\u00e1r volt. Annak a Szab\u00f3 \u00c1rp\u00e1dnak, egykori Bethlen Koll\u00e9giumi tan\u00e1rnak volt a fia, aki r\u00f6vid tan\u00e1ri p\u00e1lya ut\u00e1n, 1914-ben Uzsokn\u00e1l esett el. Miel\u0151tt a frontra ment, f\u00e9l\u00e9ves fi\u00e1t kedves tan\u00e1rt\u00e1rs\u00e1ra, J\u00e9kely Lajosra b\u00edzta. \u00cdgy lett a k\u00f6lt\u0151 \u00c1prily a kis Jancsi mentora. Gyermek\u00e9vei alatt a k\u00e9s\u0151bb szint\u00e9n k\u00f6lt\u0151v\u00e9 lett J\u00e9kely Zolt\u00e1n (Zsoli) j\u00e1tsz\u00f3t\u00e1rsa: Nagyenyeden \u00e9s Kolozsv\u00e1rott is. Orsz\u00e1ghat\u00e1ron \u00e1t\u00edvel\u0151 bar\u00e1ts\u00e1guk Zsoli 1982-ben bek\u00f6vetkezett hal\u00e1l\u00e1ig fennmaradt. Tal\u00e1n e k\u00f6r\u00fclm\u00e9nyek is meghat\u00e1rozt\u00e1k oly kiv\u00e1l\u00f3 irodalmi t\u00e1j\u00e9kozotts\u00e1g\u00e1t.<\/p>\n<p>Jancsi b\u00e1csi a r\u00e9gi enyedi vil\u00e1g tud\u00f3ja \u00e9s r\u00e9szese volt. A polg\u00e1ri, imm\u00e1r csak k\u00e9pzet\u00fcnkben lakoz\u00f3 Nagyenyed tiszteletrem\u00e9lt\u00f3 k\u00e9pvisel\u0151je. Akikb\u0151l manaps\u00e1g alig s\u00e9t\u00e1l m\u00e9g valaki a t\u00f6bbre is \u00e9rdemes v\u00e1ros porosod\u00f3 \u00e9s p\u00f3riaosod\u00f3 utc\u00e1in. Val\u00f3di \u00fariember volt. Nem a sz\u00f3 financi\u00e1lis \u00e9rtelm\u00e9ben. A l\u00e9ny\u00e9t \u00e1that\u00f3 pontoss\u00e1got enyedi sz\u00e1sz \u00e9s magyar, illetve medgyesi sz\u00e1sz iskol\u00e1kban szerezte, ahol gazdas\u00e1got \u00e9s bor\u00e1szatot tanult. J\u00f3 szakember volt, hiszen a k\u00e9t vil\u00e1gh\u00e1bor\u00fa k\u00f6z\u00f6tt a nevezetes enyedi Winkler Rt. tapasztalatszerz\u00e9s v\u00e9gett a Julius Meinl c\u00e9ghez k\u00fcldte ki B\u00e9csbe. K\u00e9s\u0151bb a marosv\u00e1s\u00e1rhelyi Hangy\u00e1n\u00e1l \u00e9s M\u00e1trahegyalj\u00e1n, a domoszl\u00f3i sz\u0151l\u0151gazdas\u00e1gban dolgozott.<\/p>\n<p>A II. vil\u00e1gh\u00e1bor\u00fa m\u00e9ly nyomot hagyott \u00e9let\u00e9ben. Csehorsz\u00e1gban szovjet hadifogs\u00e1gba esett, ahol h\u00e1rom \u00e9s f\u00e9l \u00e9vet s\u00ednyl\u0151d\u00f6tt. Hite, \u00e9letm\u0171v\u00e9szete, \u00e9s ezek summ\u00e1jak\u00e9nt: \u00f3ri\u00e1si \u00e9letakar\u00e1sa hazahozta. Egykori tan\u00e1rom, Ercsey Gyula, aki szint\u00e9n megj\u00e1rta a szovjet hadifogs\u00e1got, mondta volt, hogy a t\u00fal\u00e9l\u00e9s csakis ilyen embereknek siker\u00fclhetett.<\/p>\n<p>J\u00f3pofa t\u00f6rt\u00e9netet mes\u00e9lt nekem a kilencvenes \u00e9vek elej\u00e9n, amikor a magyar \u00e1llam hadifogs\u00e1gban let\u00f6lt\u00f6tt \u00e9vei\u00e9rt k\u00e1rp\u00f3tl\u00e1sban r\u00e9szes\u00edtette. V\u00e1lasztania kellett az egy\u00f6sszeg\u0171 k\u00e1rt\u00e9r\u00edt\u00e9s vagy az \u00e9letj\u00e1rad\u00e9k k\u00f6z\u00f6tt. Kisz\u00e1m\u00edtott ember volt, \u00edgy ezt a d\u00f6nt\u00e9s\u00e9t sem b\u00edzta a v\u00e9letlenre. Felkereste sz\u00edvorvos\u00e1t azzal, hogy h\u00e1ny \u00e9vet j\u00f3sol neki a doktor \u00far. A rem\u00e9nyt kelt\u0151 v\u00e1lasz nyom\u00e1n az \u00e9letj\u00e1rad\u00e9k mellett d\u00f6nt\u00f6tt. S hogy j\u00f3l v\u00e1lasztott, azt csak a magyar P\u00e9nz\u00fcgyminiszt\u00e9rium b\u00e1nhatja. \u00d6reg \u00e9vei t\u00e1maszak\u00e9nt, t\u00f6bbsz\u00f6r\u00f6s\u00e9t vette \u00e1t a k\u00e1rp\u00f3tl\u00e1si jegyek n\u00e9v\u00e9rt\u00e9k\u00e9nek.<\/p>\n<p>Soha nem lett kommunista, ez\u00e9rt nem kapott tud\u00e1s\u00e1hoz m\u00e9lt\u00f3 \u00e1ll\u00e1st. J\u00f3kedv\u00e9t, hit\u00e9t, tart\u00e1s\u00e1t m\u00e9gsem vesz\u00edtette el.<\/p>\n<p>Nagy term\u00e9szetj\u00e1r\u00f3k\u00e9nt m\u00e9g nyolcvan\u00e9vesen is egyed\u00fcl k\u00f3ric\u00e1lt a havasokban. Ott \u00e9rezte igaz\u00e1n j\u00f3l mag\u00e1t. Kilencven\u00e9vesen is optimizmust, der\u0171t sug\u00e1rzott.<\/p>\n<p>Ha net\u00e1n a polg\u00e1r sz\u00f3 jelent\u00e9s\u00e9n morfond\u00edrozom, nem az \u00e9rtelmez\u0151 sz\u00f3t\u00e1r elvont defin\u00edci\u00f3ja jut eszembe, hanem csakis egy emberre gondolok. N\u00e9hai Szab\u00f3 J\u00e1nosra, aki 94 \u00e9vnyi f\u00f6ldi l\u00e9t ut\u00e1n, nemr\u00e9g hagyott itt benn\u00fcnket. Nagyenyedieket.<\/p>\n<p>R\u00e1cz Levente[\/vc_column_text][vc_column_text css=&#8221;.vc_custom_1610618023649{margin-top: 25px !important;margin-bottom: 25px !important;}&#8221;]<\/p>\n<p style=\"text-align: right;\"><a href=\"http:\/\/www.szabadsag.ro\/szabadsag\/servlet\/szabadsag\/template\/article%2CPArticleScreen.vm\/id\/6567\" target=\"_blank\" rel=\"noopener\">Szabads\u00e1g<\/a><\/p>\n<p>[\/vc_column_text][vc_separator css=&#8221;.vc_custom_1667053487692{padding-top: 30px !important;padding-bottom: 30px !important;}&#8221; el_id=&#8221;ambrus&#8221;]\n    <h3 class=\"text-left\" >Dr. Ambrus Zolt\u00e1n \u2013 N\u00e9h\u00e1ny szubjekt\u00edv mondat Szab\u00f3 J\u00e1nosr\u00f3l<\/h3>\n    \n        \t\n[vc_column_text css=&#8221;.vc_custom_1610618086953{margin-top: 25px !important;margin-bottom: 25px !important;}&#8221;]Akit, mi, k\u00e9t gener\u00e1ci\u00f3val fiatalabbak, Jancsik\u00e9nt emlegett\u00fcnk egym\u00e1s k\u00f6z\u00f6tt, viszont megsz\u00f3l\u00edtani csak Jancsi b\u00e1csik\u00e9nt volt megengedett (a csal\u00e1d \u00f6sszes t\u00f6bbi tagj\u00e1val tegez\u0151dt\u00fcnk, de feles\u00e9g\u00e9vel, Didi n\u00e9nivel, \u00e9s vele nem illett).<\/p>\n<p>\u0150 sz\u00e1momra a r\u00e9gim\u00f3di, 20. sz\u00e1zad eleji (mert, ugye, az igazi 20. sz\u00e1zad az els\u0151 vil\u00e1gh\u00e1bor\u00fa ut\u00e1n kezd\u0151d\u00f6tt) d\u00e9l-erd\u00e9lyi polg\u00e1r megtestes\u00edt\u0151je. Aki ismeri az \u00e9let\u00fatj\u00e1t, l\u00e1thatja, hogy a t\u00f6rt\u00e9nelmi esem\u00e9nyek mennyire lek\u00f6vethet\u0151k benne.<\/p>\n<p>Szer\u00e9ny, de ugyanakkor nagyon m\u0171velt ember volt, aki t\u00f6k\u00e9letesen besz\u00e9lt n\u00e9met\u00fcl \u00e9s rom\u00e1nul is. Ennek tudhat\u00f3 be, hogy \u00e9lete minden szakasz\u00e1ban j\u00f3 viszonya volt a vele kapcsolatban lev\u0151kkel (b\u00e1rmilyen nyelven is besz\u00e9ltek azok, b\u00e1rmi volt a foglakoz\u00e1suk). \u00c9s el is ismert\u00e9k: pl. 92 \u00e9vesen b\u00fcszk\u00e9n mutatta a nagyenyedi v\u00e1rosvezet\u00e9st\u0151l kapott oklevel\u00e9t, amelyet a v\u00e1ros legid\u0151sebb polg\u00e1rak\u00e9nt kapott!<\/p>\n<p>Val\u00f3sz\u00edn\u0171leg egy j\u00f3 \u00e9rtelemben vett pedag\u00f3gus veszett el benne. J\u00f3form\u00e1n mindaz, amit Enyed \u00e9s vid\u00e9ke helyt\u00f6rt\u00e9net\u00e9r\u0151l, f\u00f6ldrajz\u00e1r\u00f3l, az ott \u00e9l\u0151 emberekr\u0151l, csal\u00e1dunk t\u00e1rsas\u00e1g\u00e1r\u00f3l tudok, az j\u00f3form\u00e1n mind t\u0151le sz\u00e1rmazik. S\u0151t, a L\u00e1z\u00e1r-Winkler-Weinrich-Fischer-Ambrus csal\u00e1d sz\u00f6vev\u00e9nyes dolgai nagy r\u00e9sz\u00e9t is pr\u00f3b\u00e1lta \u00e9rthet\u0151en elmagyar\u00e1zni nek\u00fcnk, sikerrel. \u00c9s mindezt olyan \u00e9lvezetesen m\u00f3don tette m\u00e9g 90 \u00e9vesen is, hogy az akkor m\u00e9g nagykamasz l\u00e1nyaim is nagy \u00e9lvezettel hallgatt\u00e1k.<\/p>\n<p>Dr. Ambrus Zolt\u00e1n[\/vc_column_text][vc_separator css=&#8221;.vc_custom_1667053477806{padding-top: 30px !important;padding-bottom: 30px !important;}&#8221; el_id=&#8221;edina&#8221;]\n    <h3 class=\"text-left\" >Gord\u00e1n Edina - Bethlen G\u00e1bor Dokument\u00e1ci\u00f3s K\u00f6nyvt\u00e1r, Nagyenyed<\/h3>\n    \n        \t\n[vc_column_text css=&#8221;.vc_custom_1667053452398{margin-top: 25px !important;margin-bottom: 25px !important;}&#8221;]<strong>Szab\u00f3 \u00c1rp\u00e1d<\/strong><br \/>\n(1884\u20131914)<\/p>\n<p>Szab\u00f3 J\u00e1nos \u00e9desapja, Szab\u00f3 \u00c1rp\u00e1d 1884. november 12. sz\u00fcletett a Csongr\u00e1d megyei Szentesen. Iskolai tanulm\u00e1nyait 1894-ben kezdte meg a Szentesi K\u00f6zs\u00e9gi F\u0151gimn\u00e1ziumban. K\u00f6z\u00e9piskolai tanulm\u00e1nyait 1896-t\u00f3l a Szentesi Magyar Kir\u00e1lyi \u00c1llami F\u0151gimn\u00e1ziumban v\u00e9gezte, ahol 1902-ben \u00e9retts\u00e9gi vizsg\u00e1t tett. Egyetemi tanulm\u00e1nyait Kolozsv\u00e1ron v\u00e9gezte. 1904. november 1-t\u0151l 1906. augusztus 31-ig a kolozsv\u00e1ri egyetem n\u00f6v\u00e9nytani int\u00e9zet\u00e9nek a demonstr\u00e1tora.<\/p>\n<p>1906-t\u00f3l 1909-ig, mint gyakorl\u00f3 tan\u00e1r m\u0171k\u00f6d\u00f6tt a nagyenyedi Bethlen G\u00e1bor Koll\u00e9giumban. Az 1908\/1909 tan\u00e9vben a nagyenyedi \u00c1llami Polg\u00e1ri Le\u00e1nyiskol\u00e1ban is tan\u00edtott.\u00a0 Az 1907\/1908 tan\u00e9vben egy \u00e9ves \u00f6nk\u00e9ntes katonai idej\u00e9t szolg\u00e1lta le. 1909-t\u0151l 1912-ig, mint helyettes tan\u00e1r volt alkalmazva. Term\u00e9szetrajzot \u00e9s f\u00f6ldrajzot tan\u00edtott, seg\u00e9dkezett a term\u00e9szetrajzi gy\u0171jtem\u00e9ny kezel\u00e9s\u00e9ben\u00a0 \u00e9s mint senior r\u00e9szt vett az intern\u00e1tusi rendtart\u00e1sban \u00e9s nevel\u00e9sben.<\/p>\n<p>Az 1912. \u0151sz\u00e9n a term\u00e9szetrajz-f\u00f6ldrajz tansz\u00e9kre p\u00e1ly\u00e1z\u00f3kr\u00f3l k\u00e9sz\u00fclt min\u0151s\u00edt\u0151 t\u00e1bl\u00e1zatban \u00edgy jellemezt\u00e9k:<\/p>\n<p><em>\u201eIgen szorgalmasan dolgozott \u00e9s egy p\u00e1lyamunk\u00e1val p\u00e1lyad\u00edjat is nyert. Komoly t\u00f6rekv\u00e9s\u0171, munk\u00e1ss\u00e1g\u00e1ban kitart\u00f3, nyugodt term\u00e9szet\u0171.\u201d <\/em>Szolg\u00e1lati bizony\u00edtv\u00e1ny a n\u00f6v\u00e9nytani int\u00e9zet igazgat\u00f3j\u00e1t\u00f3l, Richter Alad\u00e1rt\u00f3l.<\/p>\n<p><em>\u201e&#8230;megb\u00edzat\u00e1saiban pontoss\u00e1got \u00e9s lelkiismeretess\u00e9get tanusitott, fegyelmez\u00e9se gy\u00f6ng\u00e9d, de eredm\u00e9nyes.\u201d \u201e&#8230;szakismeretr\u0151l tanuskod\u00f3 tan\u00edt\u00e1s\u00e1val, szeretetteljes fegyelmez\u00e9s\u00e9vel, mintaszer\u0171 magatart\u00e1s\u00e1val elismer\u00e9sre m\u00e9lt\u00f3 eredm\u00e9nyt \u00e9rt el.\u201d \u201eKiv\u00e1l\u00f3 szakk\u00e9pzetts\u00e9gr\u0151l tanuskod\u00f3, az eg\u00e9sz oszt\u00e1lyt \u00fcgyesen foglalkoztat\u00f3, a figyelmet \u00e9brentart\u00f3, eleven tan\u00edt\u00e1si elj\u00e1r\u00e1s\u00e1val igen sz\u00e9p eredm\u00e9nyt \u00e9rt el.\u201d \u201e&#8230; \u00dagy kollegi\u00e1lis, mint t\u00e1rsadalmi magatart\u00e1sa kifog\u00e1stalan. Int\u00e9zet\u00fcnkben eddigi m\u0171k\u00f6d\u00e9s\u00e9vl el\u0151lj\u00e1r\u00f3inak s tan\u00e1rtest\u00fclet\u00fcnknek elismer\u00e9s\u00e9t m\u00e9lt\u00e1n ki\u00e9rdemelte.\u201d\u00a0 <\/em>Szolg\u00e1lati bizony\u00edtv\u00e1nyok a nagyenyedi Reform\u00e1tus Bethlen Koll\u00e9gium igazgat\u00f3j\u00e1t\u00f3l.<\/p>\n<p><em>\u201eKiv\u00e1l\u00f3 szak\u00e9rtelemmel, kit\u0171n\u0151 \u00e1tad\u00e1sai k\u00e9pess\u00e9ggel, buzg\u00f3s\u00e1ggal \u00e9s igen sz\u00e9p sikerrel tan\u00edtott.\u201d <\/em>Szolg\u00e1lati bizony\u00edtv\u00e1ny a nagyenyedi Polg\u00e1ri Le\u00e1nyiskola igazgat\u00f3j\u00e1t\u00f3l.<\/p>\n<p>Az 1912. \u0151sz\u00e9n az Erd\u00e9lyi Reform\u00e1tus Egyh\u00e1zker\u00fcleti k\u00f6zgy\u0171l\u00e9sen h\u00e9t jelentkez\u0151 k\u00f6z\u00fcl v\u00e1lasztott\u00e1k ki Szab\u00f3 \u00c1rp\u00e1d helyettes tan\u00e1rt \u00e9s lett a nagyenyedi Reform\u00e1tus Bethlen-Koll\u00e9gium rendes tan\u00e1ra.<\/p>\n<ol start=\"1913\">\n<li>janu\u00e1r elsej\u00e9t\u0151l 558. rangsz\u00e1mmal tartal\u00e9kos hadnagy\u00e1 nevezt\u00e9k ki a nagyszebeni 23. honv\u00e9d gyalogezredbe. 1914-ben a 21. honv\u00e9d gyalogezred nagyenyedi z\u00e1szl\u00f3alj\u00e1hoz vonult be s ment az orosz harct\u00e9rre augusztus 19-\u00e9n. V\u00e9gigk\u00fczd\u00f6tte az els\u0151 keletgal\u00edciai neh\u00e9z harcokat, r\u00e9sztvett a K\u00e1rp\u00e1tok al\u00e1 t\u00f6rt\u00e9nt visszavonul\u00e1sban, majd az uzsoki-szorosban megkezdett el\u0151ret\u00f6r\u00e9sben, ahol 1914. okt\u00f3ber 3-\u00e1n elesett. Felterjesztett\u00e9k f\u0151hadnagyi kinevez\u00e9sre, de m\u00e1r nem \u00e9rhette meg. Eml\u00e9k\u00e9re a koll\u00e9gium 1915. m\u00e1jus 9-\u00e9n gy\u00e1sz\u00fcnnep\u00e9lyt rendezett, ahol J\u00e9kely (\u00c1prily) Lajos mondott felette eml\u00e9kbesz\u00e9det. Augusztus 19-t\u0151l szeptember 28-ig napl\u00f3t vezetett, amelyb\u0151l J\u00e9kely Lajos t\u00f6bbsz\u00f6r is id\u00e9zett besz\u00e9d\u00e9ben. Egyik bejegyz\u00e9s\u00e9ben \u00edgy eml\u00e9kezett meg fi\u00e1r\u00f3l, J\u00e1nosr\u00f3l: <em>\u201eMa reggel jutott eszembe, hogy kis fiam bet\u00f6lt\u00f6tte a f\u00e9lesztend\u0151t.\u201d <\/em>A napl\u00f3 jelen pillanatban lappang, tov\u00e1bbi sors\u00e1r\u00f3l nincs tudom\u00e1sunk. J\u00e9kely (\u00c1prily) Lajos Szab\u00f3 \u00c1rp\u00e1d eml\u00e9k\u00e9re \u00edrta az al\u00e1bbi verset:<\/li>\n<\/ol>\n<p>\u00c1prily Lajos: \u00c1rp\u00e1d<\/p>\n<p><em>\u201eVIII. 28. Enyed jutott eszembe.<br \/>\n<\/em><em>Ha meghalok, mi lesz a kisfiamb\u00f3l?<br \/>\n<\/em><em>Dnyeszter, c\u00f6l\u00f6p-tutajh\u00edd, Mariampol.<br \/>\n<\/em><em>A h\u00edd \u00edv\u00e9n: Zum Sieg. A gy\u0151zelembe.\u201d<br \/>\n<\/em><em>A gy\u0151zelem volt lelketekbe \u00edrva,<br \/>\n<\/em><em>rohamra \u0171z\u0151, vakmer\u0151 ig\u00e9ret,<br \/>\n<\/em><em>s vesztett csat\u00e1k ut\u00e1n kihullt a v\u00e9red,<br \/>\n<\/em><em>eposzb\u00f3l \u00edgy lett rettent\u0151 szat\u00edra.<br \/>\n<\/em><em>S Uzsokn\u00e1l \u00faj f\u0171 leng a r\u00e9gi v\u00e9ren.<br \/>\n<\/em><em>Mariampoln\u00e1l bosszul\u00f3 hadak<br \/>\n<\/em><em>rohannak most a \u201egy\u0151zelem\u201d nev\u00e9ben.<br \/>\n<\/em><em>Am\u00edg bel\u0151led semmi sem maradt,<br \/>\n<\/em><em>csak egy hom\u00e1lyos, b\u00fas eml\u00e9k-alak<br \/>\n<\/em><em>s tekinteted egy kisfi\u00fa szem\u00e9ben.<\/em><\/p>\n<p>Gord\u00e1n Edina, k\u00f6nyvt\u00e1ros<br \/>\n<em>Bethlen G\u00e1bor Dokument\u00e1ci\u00f3s K\u00f6nyvt\u00e1r, Nagyenyed<\/em>[\/vc_column_text][vc_empty_space height=&#8221;50px&#8221;][\/vc_column][\/vc_row][vc_row][vc_column][\/vc_column][\/vc_row]<\/p>\n<\/div>","protected":false},"excerpt":{"rendered":"<p>[vc_row content_placement=&#8221;top&#8221; fullwidth=&#8221;yes&#8221; parallax_bg=&#8221;true&#8221;][vc_column][vc_single_image image=&#8221;1174&#8243; img_size=&#8221;full&#8221;][\/vc_column][\/vc_row][vc_row][vc_column offset=&#8221;vc_col-md-12&#8243;][vc_empty_space height=&#8221;50px&#8221;][vc_column_text css=&#8221;.vc_custom_1667048050045{margin-top: 25px !important;margin-bottom: 25px !important;}&#8221;]Szab\u00f3 J\u00e1nos, Jancsi b\u00e1csi, t\u0151sgy\u00f6keres nagyenyedi polg\u00e1r volt. Annak a Szab\u00f3 \u00c1rp\u00e1dnak, egykori Bethlen Koll\u00e9giumi tan\u00e1rnak volt a fia, aki r\u00f6vid tan\u00e1ri p\u00e1lya ut\u00e1n, 1914-ben Uzsokn\u00e1l esett el. Miel\u0151tt a frontra ment, f\u00e9l\u00e9ves fi\u00e1t kedves tan\u00e1rt\u00e1rs\u00e1ra, J\u00e9kely Lajosra b\u00edzta. \u00cdgy lett a k\u00f6lt\u0151 [&hellip;]<\/p>\n","protected":false},"author":1,"featured_media":0,"parent":0,"menu_order":0,"comment_status":"closed","ping_status":"closed","template":"page-templates\/template-trans.php","meta":{"footnotes":""},"class_list":["post-1166","page","type-page","status-publish","hentry"],"yoast_head":"<!-- This site is optimized with the Yoast SEO plugin v27.4 - https:\/\/yoast.com\/product\/yoast-seo-wordpress\/ -->\n<title>Visszaeml\u00e9kez\u00e9sek - Szab\u00f3 J\u00e1nos fot\u00f3m\u0171v\u00e9sz<\/title>\n<meta name=\"robots\" content=\"index, follow, max-snippet:-1, max-image-preview:large, max-video-preview:-1\" \/>\n<link rel=\"canonical\" href=\"https:\/\/www.aiudulmeu.ro\/szabo\/visszaemlekezesek\/\" \/>\n<meta property=\"og:locale\" content=\"en_US\" \/>\n<meta property=\"og:type\" content=\"article\" \/>\n<meta property=\"og:title\" content=\"Szab\u00f3 J\u00e1nos fot\u00f3m\u0171v\u00e9sz\" \/>\n<meta property=\"og:description\" content=\"[vc_row content_placement=&#8221;top&#8221; fullwidth=&#8221;yes&#8221; parallax_bg=&#8221;true&#8221;][vc_column][vc_single_image image=&#8221;1174&#8243; img_size=&#8221;full&#8221;][\/vc_column][\/vc_row][vc_row][vc_column offset=&#8221;vc_col-md-12&#8243;][vc_empty_space height=&#8221;50px&#8221;][vc_column_text css=&#8221;.vc_custom_1667048050045{margin-top: 25px !important;margin-bottom: 25px !important;}&#8221;]Szab\u00f3 J\u00e1nos, Jancsi b\u00e1csi, t\u0151sgy\u00f6keres nagyenyedi polg\u00e1r volt. Annak a Szab\u00f3 \u00c1rp\u00e1dnak, egykori Bethlen Koll\u00e9giumi tan\u00e1rnak volt a fia, aki r\u00f6vid tan\u00e1ri p\u00e1lya ut\u00e1n, 1914-ben Uzsokn\u00e1l esett el. Miel\u0151tt a frontra ment, f\u00e9l\u00e9ves fi\u00e1t kedves tan\u00e1rt\u00e1rs\u00e1ra, J\u00e9kely Lajosra b\u00edzta. \u00cdgy lett a k\u00f6lt\u0151 [&hellip;]\" \/>\n<meta property=\"og:url\" content=\"https:\/\/www.aiudulmeu.ro\/szabo\/visszaemlekezesek\/\" \/>\n<meta property=\"og:site_name\" content=\"Szab\u00f3 J\u00e1nos fot\u00f3m\u0171v\u00e9sz\" \/>\n<meta property=\"article:modified_time\" content=\"2023-09-15T08:10:00+00:00\" \/>\n<meta property=\"og:image\" content=\"https:\/\/www.aiudulmeu.ro\/szabo\/wp-content\/uploads\/2022\/10\/megemlekezes-fb.jpg\" \/>\n\t<meta property=\"og:image:width\" content=\"768\" \/>\n\t<meta property=\"og:image:height\" content=\"469\" \/>\n\t<meta property=\"og:image:type\" content=\"image\/jpeg\" \/>\n<meta name=\"twitter:card\" content=\"summary_large_image\" \/>\n<meta name=\"twitter:image\" content=\"https:\/\/www.aiudulmeu.ro\/szabo\/wp-content\/uploads\/2022\/10\/megemlekezes-fb.jpg\" \/>\n<meta name=\"twitter:label1\" content=\"Est. reading time\" \/>\n\t<meta name=\"twitter:data1\" content=\"5 minutes\" \/>\n<script type=\"application\/ld+json\" class=\"yoast-schema-graph\">{\"@context\":\"https:\\\/\\\/schema.org\",\"@graph\":[{\"@type\":\"WebPage\",\"@id\":\"https:\\\/\\\/www.aiudulmeu.ro\\\/szabo\\\/visszaemlekezesek\\\/\",\"url\":\"https:\\\/\\\/www.aiudulmeu.ro\\\/szabo\\\/visszaemlekezesek\\\/\",\"name\":\"Visszaeml\u00e9kez\u00e9sek - Szab\u00f3 J\u00e1nos fot\u00f3m\u0171v\u00e9sz\",\"isPartOf\":{\"@id\":\"https:\\\/\\\/www.aiudulmeu.ro\\\/szabo\\\/#website\"},\"datePublished\":\"2020-12-27T15:35:38+00:00\",\"dateModified\":\"2023-09-15T08:10:00+00:00\",\"breadcrumb\":{\"@id\":\"https:\\\/\\\/www.aiudulmeu.ro\\\/szabo\\\/visszaemlekezesek\\\/#breadcrumb\"},\"inLanguage\":\"en-US\",\"potentialAction\":[{\"@type\":\"ReadAction\",\"target\":[\"https:\\\/\\\/www.aiudulmeu.ro\\\/szabo\\\/visszaemlekezesek\\\/\"]}]},{\"@type\":\"BreadcrumbList\",\"@id\":\"https:\\\/\\\/www.aiudulmeu.ro\\\/szabo\\\/visszaemlekezesek\\\/#breadcrumb\",\"itemListElement\":[{\"@type\":\"ListItem\",\"position\":1,\"name\":\"Home\",\"item\":\"https:\\\/\\\/www.aiudulmeu.ro\\\/szabo\\\/\"},{\"@type\":\"ListItem\",\"position\":2,\"name\":\"Visszaeml\u00e9kez\u00e9sek\"}]},{\"@type\":\"WebSite\",\"@id\":\"https:\\\/\\\/www.aiudulmeu.ro\\\/szabo\\\/#website\",\"url\":\"https:\\\/\\\/www.aiudulmeu.ro\\\/szabo\\\/\",\"name\":\"Szab\u00f3 J\u00e1nos fot\u00f3m\u0171v\u00e9sz\",\"description\":\"nagyenyedi fot\u00f3m\u0171v\u00e9sz\",\"potentialAction\":[{\"@type\":\"SearchAction\",\"target\":{\"@type\":\"EntryPoint\",\"urlTemplate\":\"https:\\\/\\\/www.aiudulmeu.ro\\\/szabo\\\/?s={search_term_string}\"},\"query-input\":{\"@type\":\"PropertyValueSpecification\",\"valueRequired\":true,\"valueName\":\"search_term_string\"}}],\"inLanguage\":\"en-US\"}]}<\/script>\n<!-- \/ Yoast SEO plugin. -->","yoast_head_json":{"title":"Visszaeml\u00e9kez\u00e9sek - Szab\u00f3 J\u00e1nos fot\u00f3m\u0171v\u00e9sz","robots":{"index":"index","follow":"follow","max-snippet":"max-snippet:-1","max-image-preview":"max-image-preview:large","max-video-preview":"max-video-preview:-1"},"canonical":"https:\/\/www.aiudulmeu.ro\/szabo\/visszaemlekezesek\/","og_locale":"en_US","og_type":"article","og_title":"Szab\u00f3 J\u00e1nos fot\u00f3m\u0171v\u00e9sz","og_description":"[vc_row content_placement=&#8221;top&#8221; fullwidth=&#8221;yes&#8221; parallax_bg=&#8221;true&#8221;][vc_column][vc_single_image image=&#8221;1174&#8243; img_size=&#8221;full&#8221;][\/vc_column][\/vc_row][vc_row][vc_column offset=&#8221;vc_col-md-12&#8243;][vc_empty_space height=&#8221;50px&#8221;][vc_column_text css=&#8221;.vc_custom_1667048050045{margin-top: 25px !important;margin-bottom: 25px !important;}&#8221;]Szab\u00f3 J\u00e1nos, Jancsi b\u00e1csi, t\u0151sgy\u00f6keres nagyenyedi polg\u00e1r volt. Annak a Szab\u00f3 \u00c1rp\u00e1dnak, egykori Bethlen Koll\u00e9giumi tan\u00e1rnak volt a fia, aki r\u00f6vid tan\u00e1ri p\u00e1lya ut\u00e1n, 1914-ben Uzsokn\u00e1l esett el. Miel\u0151tt a frontra ment, f\u00e9l\u00e9ves fi\u00e1t kedves tan\u00e1rt\u00e1rs\u00e1ra, J\u00e9kely Lajosra b\u00edzta. \u00cdgy lett a k\u00f6lt\u0151 [&hellip;]","og_url":"https:\/\/www.aiudulmeu.ro\/szabo\/visszaemlekezesek\/","og_site_name":"Szab\u00f3 J\u00e1nos fot\u00f3m\u0171v\u00e9sz","article_modified_time":"2023-09-15T08:10:00+00:00","og_image":[{"width":768,"height":469,"url":"https:\/\/www.aiudulmeu.ro\/szabo\/wp-content\/uploads\/2022\/10\/megemlekezes-fb.jpg","type":"image\/jpeg"}],"twitter_card":"summary_large_image","twitter_image":"https:\/\/www.aiudulmeu.ro\/szabo\/wp-content\/uploads\/2022\/10\/megemlekezes-fb.jpg","twitter_misc":{"Est. reading time":"5 minutes"},"schema":{"@context":"https:\/\/schema.org","@graph":[{"@type":"WebPage","@id":"https:\/\/www.aiudulmeu.ro\/szabo\/visszaemlekezesek\/","url":"https:\/\/www.aiudulmeu.ro\/szabo\/visszaemlekezesek\/","name":"Visszaeml\u00e9kez\u00e9sek - Szab\u00f3 J\u00e1nos fot\u00f3m\u0171v\u00e9sz","isPartOf":{"@id":"https:\/\/www.aiudulmeu.ro\/szabo\/#website"},"datePublished":"2020-12-27T15:35:38+00:00","dateModified":"2023-09-15T08:10:00+00:00","breadcrumb":{"@id":"https:\/\/www.aiudulmeu.ro\/szabo\/visszaemlekezesek\/#breadcrumb"},"inLanguage":"en-US","potentialAction":[{"@type":"ReadAction","target":["https:\/\/www.aiudulmeu.ro\/szabo\/visszaemlekezesek\/"]}]},{"@type":"BreadcrumbList","@id":"https:\/\/www.aiudulmeu.ro\/szabo\/visszaemlekezesek\/#breadcrumb","itemListElement":[{"@type":"ListItem","position":1,"name":"Home","item":"https:\/\/www.aiudulmeu.ro\/szabo\/"},{"@type":"ListItem","position":2,"name":"Visszaeml\u00e9kez\u00e9sek"}]},{"@type":"WebSite","@id":"https:\/\/www.aiudulmeu.ro\/szabo\/#website","url":"https:\/\/www.aiudulmeu.ro\/szabo\/","name":"Szab\u00f3 J\u00e1nos fot\u00f3m\u0171v\u00e9sz","description":"nagyenyedi fot\u00f3m\u0171v\u00e9sz","potentialAction":[{"@type":"SearchAction","target":{"@type":"EntryPoint","urlTemplate":"https:\/\/www.aiudulmeu.ro\/szabo\/?s={search_term_string}"},"query-input":{"@type":"PropertyValueSpecification","valueRequired":true,"valueName":"search_term_string"}}],"inLanguage":"en-US"}]}},"_links":{"self":[{"href":"https:\/\/www.aiudulmeu.ro\/szabo\/wp-json\/wp\/v2\/pages\/1166","targetHints":{"allow":["GET"]}}],"collection":[{"href":"https:\/\/www.aiudulmeu.ro\/szabo\/wp-json\/wp\/v2\/pages"}],"about":[{"href":"https:\/\/www.aiudulmeu.ro\/szabo\/wp-json\/wp\/v2\/types\/page"}],"author":[{"embeddable":true,"href":"https:\/\/www.aiudulmeu.ro\/szabo\/wp-json\/wp\/v2\/users\/1"}],"replies":[{"embeddable":true,"href":"https:\/\/www.aiudulmeu.ro\/szabo\/wp-json\/wp\/v2\/comments?post=1166"}],"version-history":[{"count":17,"href":"https:\/\/www.aiudulmeu.ro\/szabo\/wp-json\/wp\/v2\/pages\/1166\/revisions"}],"predecessor-version":[{"id":1885,"href":"https:\/\/www.aiudulmeu.ro\/szabo\/wp-json\/wp\/v2\/pages\/1166\/revisions\/1885"}],"wp:attachment":[{"href":"https:\/\/www.aiudulmeu.ro\/szabo\/wp-json\/wp\/v2\/media?parent=1166"}],"curies":[{"name":"wp","href":"https:\/\/api.w.org\/{rel}","templated":true}]}}