{"id":1749,"date":"2022-02-18T20:09:21","date_gmt":"2022-02-18T20:09:21","guid":{"rendered":"https:\/\/www.aiudulmeu.ro\/szabo\/?page_id=1749"},"modified":"2022-10-31T11:07:12","modified_gmt":"2022-10-31T11:07:12","slug":"fotografii-aiudene","status":"publish","type":"page","link":"https:\/\/www.aiudulmeu.ro\/szabo\/ro\/fotografii-aiudene\/","title":{"rendered":"Fotografii aiudene"},"content":{"rendered":"<div class=\"wpb-content-wrapper\"><p>[vc_row content_placement=&#8221;top&#8221; fullwidth=&#8221;yes&#8221; parallax_bg=&#8221;true&#8221;][vc_column][vc_single_image image=&#8221;1174&#8243; img_size=&#8221;full&#8221;][\/vc_column][\/vc_row][vc_row][vc_column width=&#8221;1\/2&#8243; offset=&#8221;vc_col-md-12&#8243;]\n    <h2 class=\"text-left\" >Fotografii aiudene<\/h2>\n    \t    <div class=\"wprt-lines style-1 custom-3\">\n\t        <div class=\"line-1\"><\/div>\n\t    <\/div>\n    \n        \t\n[vc_empty_space][\/vc_column][\/vc_row][vc_row][vc_column width=&#8221;1\/3&#8243;][vc_single_image image=&#8221;1524&#8243; img_size=&#8221;large&#8221; onclick=&#8221;custom_link&#8221; link=&#8221;https:\/\/www.aiudulmeu.ro\/szabo\/ro\/fotografii-aiudene\/orasul\/&#8221; css=&#8221;.vc_custom_1645288871852{margin-bottom: 0px !important;border-bottom-width: 0px !important;padding-bottom: 10px !important;}&#8221;]\n    <h2 class=\"text-center\" >Ora\u0219ul (39 fotografii)<\/h2>\n    \n        \t\n[\/vc_column][vc_column width=&#8221;1\/3&#8243;][vc_single_image image=&#8221;1543&#8243; img_size=&#8221;large&#8221; onclick=&#8221;custom_link&#8221; link=&#8221;https:\/\/www.aiudulmeu.ro\/szabo\/ro\/fotografii-aiudene\/despre-vinuri\/&#8221; css=&#8221;.vc_custom_1667214045517{margin-bottom: 0px !important;border-bottom-width: 0px !important;padding-bottom: 10px !important;}&#8221;]\n    <h2 class=\"text-center\" >Despre vinuri (11 fotografii)<\/h2>\n    \n        \t\n[\/vc_column][vc_column width=&#8221;1\/3&#8243;][vc_single_image image=&#8221;1595&#8243; img_size=&#8221;large&#8221; onclick=&#8221;custom_link&#8221; link=&#8221;https:\/\/www.aiudulmeu.ro\/szabo\/ro\/fotografii-aiudene\/viata-de-zi-cu-zi\/&#8221; css=&#8221;.vc_custom_1667214066373{margin-bottom: 0px !important;border-bottom-width: 0px !important;padding-bottom: 10px !important;}&#8221;]\n    <h2 class=\"text-center\" >Via\u021ba de zi cu zi (49 de fotografii)<\/h2>\n    \n        \t\n[\/vc_column][\/vc_row][vc_row][vc_column][vc_separator css=&#8221;.vc_custom_1609581317895{padding-top: 30px !important;padding-bottom: 30px !important;}&#8221;][\/vc_column][\/vc_row][vc_row][vc_column width=&#8221;1\/3&#8243;][vc_single_image image=&#8221;1694&#8243; img_size=&#8221;large&#8221; onclick=&#8221;custom_link&#8221; link=&#8221;https:\/\/www.aiudulmeu.ro\/szabo\/ro\/fotografii-aiudene\/portrete\/&#8221; css=&#8221;.vc_custom_1667214088108{margin-bottom: 0px !important;border-bottom-width: 0px !important;padding-bottom: 10px !important;}&#8221;]\n    <h2 class=\"text-center\" >Portrete (88 de fotografii)<\/h2>\n    \n        \t\n[\/vc_column][vc_column width=&#8221;1\/3&#8243;][vc_single_image image=&#8221;1793&#8243; img_size=&#8221;large&#8221; onclick=&#8221;custom_link&#8221; link=&#8221;https:\/\/www.aiudulmeu.ro\/szabo\/ro\/fotografii-aiudene\/evenimente-sportive\/&#8221; css=&#8221;.vc_custom_1667214101723{margin-bottom: 0px !important;border-bottom-width: 0px !important;padding-bottom: 10px !important;}&#8221;]\n    <h2 class=\"text-center\" >Evenimente sportive (58 fotografii)<\/h2>\n    \n        \t\n[\/vc_column][vc_column width=&#8221;1\/3&#8243;][vc_single_image image=&#8221;1706&#8243; img_size=&#8221;large&#8221; onclick=&#8221;custom_link&#8221; link=&#8221;https:\/\/www.aiudulmeu.ro\/szabo\/ro\/fotografii-aiudene\/sloboda\/&#8221; css=&#8221;.vc_custom_1667214113648{margin-bottom: 0px !important;border-bottom-width: 0px !important;padding-bottom: 10px !important;}&#8221;]\n    <h2 class=\"text-center\" >Sloboda (5 fotografii)<\/h2>\n    \n        \t\n[\/vc_column][\/vc_row][vc_row][vc_column][vc_separator css=&#8221;.vc_custom_1609581317895{padding-top: 30px !important;padding-bottom: 30px !important;}&#8221;][\/vc_column][\/vc_row][vc_row][vc_column width=&#8221;1\/3&#8243;][vc_single_image image=&#8221;1371&#8243; img_size=&#8221;large&#8221; onclick=&#8221;custom_link&#8221; link=&#8221;https:\/\/www.aiudulmeu.ro\/szabo\/ro\/fotografii-aiudene\/timp-liber\/&#8221; css=&#8221;.vc_custom_1667214128158{margin-bottom: 0px !important;border-bottom-width: 0px !important;padding-bottom: 10px !important;}&#8221;]\n    <h2 class=\"text-center\" >Timp liber (86 fotografii)<\/h2>\n    \n        \t\n[\/vc_column][vc_column width=&#8221;1\/3&#8243;][vc_single_image image=&#8221;1734&#8243; img_size=&#8221;large&#8221; onclick=&#8221;custom_link&#8221; link=&#8221;https:\/\/www.aiudulmeu.ro\/szabo\/ro\/fotografii-aiudene\/sarbatori\/&#8221; css=&#8221;.vc_custom_1667214430307{margin-bottom: 0px !important;border-bottom-width: 0px !important;padding-bottom: 10px !important;}&#8221;]\n    <h2 class=\"text-center\" >S\u0103rb\u0103tori (19 fotografii)<\/h2>\n    \n        \t\n[\/vc_column][vc_column width=&#8221;1\/3&#8243;][vc_single_image image=&#8221;1435&#8243; img_size=&#8221;large&#8221; onclick=&#8221;custom_link&#8221; link=&#8221;https:\/\/www.aiudulmeu.ro\/szabo\/ro\/fotografii-aiudene\/targ\/&#8221; css=&#8221;.vc_custom_1667214196883{margin-bottom: 0px !important;border-bottom-width: 0px !important;padding-bottom: 10px !important;}&#8221;]\n    <h2 class=\"text-center\" >T\u00e2rg (28 fotografii)<\/h2>\n    \n        \t\n[\/vc_column][\/vc_row][vc_row][vc_column][vc_separator css=&#8221;.vc_custom_1609581317895{padding-top: 30px !important;padding-bottom: 30px !important;}&#8221;][\/vc_column][\/vc_row][vc_row][vc_column][vc_empty_space height=&#8221;80px&#8221;][\/vc_column][\/vc_row]<\/p>\n<\/div>","protected":false},"excerpt":{"rendered":"<p>[vc_row content_placement=&#8221;top&#8221; fullwidth=&#8221;yes&#8221; parallax_bg=&#8221;true&#8221;][vc_column][vc_single_image image=&#8221;1174&#8243; img_size=&#8221;full&#8221;][\/vc_column][\/vc_row][vc_row][vc_column width=&#8221;1\/2&#8243; offset=&#8221;vc_col-md-12&#8243;][vc_empty_space][\/vc_column][\/vc_row][vc_row][vc_column width=&#8221;1\/3&#8243;][vc_single_image image=&#8221;1524&#8243; img_size=&#8221;large&#8221; onclick=&#8221;custom_link&#8221; link=&#8221;https:\/\/www.aiudulmeu.ro\/szabo\/ro\/fotografii-aiudene\/orasul\/&#8221; css=&#8221;.vc_custom_1645288871852{margin-bottom: 0px !important;border-bottom-width: 0px !important;padding-bottom: 10px !important;}&#8221;][\/vc_column][vc_column width=&#8221;1\/3&#8243;][vc_single_image image=&#8221;1543&#8243; img_size=&#8221;large&#8221; onclick=&#8221;custom_link&#8221; link=&#8221;https:\/\/www.aiudulmeu.ro\/szabo\/ro\/fotografii-aiudene\/despre-vinuri\/&#8221; css=&#8221;.vc_custom_1667214045517{margin-bottom: 0px !important;border-bottom-width: 0px !important;padding-bottom: 10px !important;}&#8221;][\/vc_column][vc_column width=&#8221;1\/3&#8243;][vc_single_image image=&#8221;1595&#8243; img_size=&#8221;large&#8221; onclick=&#8221;custom_link&#8221; link=&#8221;https:\/\/www.aiudulmeu.ro\/szabo\/ro\/fotografii-aiudene\/viata-de-zi-cu-zi\/&#8221; css=&#8221;.vc_custom_1667214066373{margin-bottom: 0px !important;border-bottom-width: 0px !important;padding-bottom: 10px !important;}&#8221;][\/vc_column][\/vc_row][vc_row][vc_column][vc_separator css=&#8221;.vc_custom_1609581317895{padding-top: 30px !important;padding-bottom: 30px !important;}&#8221;][\/vc_column][\/vc_row][vc_row][vc_column width=&#8221;1\/3&#8243;][vc_single_image image=&#8221;1694&#8243; img_size=&#8221;large&#8221; onclick=&#8221;custom_link&#8221; link=&#8221;https:\/\/www.aiudulmeu.ro\/szabo\/ro\/fotografii-aiudene\/portrete\/&#8221; css=&#8221;.vc_custom_1667214088108{margin-bottom: [&hellip;]<\/p>\n","protected":false},"author":1,"featured_media":0,"parent":0,"menu_order":0,"comment_status":"closed","ping_status":"closed","template":"page-templates\/template-trans.php","meta":{"footnotes":""},"class_list":["post-1749","page","type-page","status-publish","hentry"],"yoast_head":"<!-- This site is optimized with the Yoast SEO plugin v27.4 - https:\/\/yoast.com\/product\/yoast-seo-wordpress\/ -->\n<title>Fotografii aiudene - Szab\u00f3 J\u00e1nos fot\u00f3m\u0171v\u00e9sz<\/title>\n<meta name=\"robots\" content=\"index, follow, max-snippet:-1, max-image-preview:large, max-video-preview:-1\" \/>\n<link rel=\"canonical\" href=\"https:\/\/www.aiudulmeu.ro\/szabo\/ro\/fotografii-aiudene\/\" \/>\n<meta property=\"og:locale\" content=\"en_US\" \/>\n<meta property=\"og:type\" content=\"article\" \/>\n<meta property=\"og:title\" content=\"Fotografii aiudene - Szab\u00f3 J\u00e1nos fot\u00f3m\u0171v\u00e9sz\" \/>\n<meta property=\"og:description\" content=\"[vc_row content_placement=&#8221;top&#8221; fullwidth=&#8221;yes&#8221; parallax_bg=&#8221;true&#8221;][vc_column][vc_single_image image=&#8221;1174&#8243; img_size=&#8221;full&#8221;][\/vc_column][\/vc_row][vc_row][vc_column width=&#8221;1\/2&#8243; offset=&#8221;vc_col-md-12&#8243;][vc_empty_space][\/vc_column][\/vc_row][vc_row][vc_column width=&#8221;1\/3&#8243;][vc_single_image image=&#8221;1524&#8243; img_size=&#8221;large&#8221; onclick=&#8221;custom_link&#8221; link=&#8221;https:\/\/www.aiudulmeu.ro\/szabo\/ro\/fotografii-aiudene\/orasul\/&#8221; css=&#8221;.vc_custom_1645288871852{margin-bottom: 0px !important;border-bottom-width: 0px !important;padding-bottom: 10px !important;}&#8221;][\/vc_column][vc_column width=&#8221;1\/3&#8243;][vc_single_image image=&#8221;1543&#8243; img_size=&#8221;large&#8221; onclick=&#8221;custom_link&#8221; link=&#8221;https:\/\/www.aiudulmeu.ro\/szabo\/ro\/fotografii-aiudene\/despre-vinuri\/&#8221; css=&#8221;.vc_custom_1667214045517{margin-bottom: 0px !important;border-bottom-width: 0px !important;padding-bottom: 10px !important;}&#8221;][\/vc_column][vc_column width=&#8221;1\/3&#8243;][vc_single_image image=&#8221;1595&#8243; img_size=&#8221;large&#8221; onclick=&#8221;custom_link&#8221; link=&#8221;https:\/\/www.aiudulmeu.ro\/szabo\/ro\/fotografii-aiudene\/viata-de-zi-cu-zi\/&#8221; css=&#8221;.vc_custom_1667214066373{margin-bottom: 0px !important;border-bottom-width: 0px !important;padding-bottom: 10px !important;}&#8221;][\/vc_column][\/vc_row][vc_row][vc_column][vc_separator css=&#8221;.vc_custom_1609581317895{padding-top: 30px !important;padding-bottom: 30px !important;}&#8221;][\/vc_column][\/vc_row][vc_row][vc_column width=&#8221;1\/3&#8243;][vc_single_image image=&#8221;1694&#8243; img_size=&#8221;large&#8221; onclick=&#8221;custom_link&#8221; link=&#8221;https:\/\/www.aiudulmeu.ro\/szabo\/ro\/fotografii-aiudene\/portrete\/&#8221; css=&#8221;.vc_custom_1667214088108{margin-bottom: [&hellip;]\" \/>\n<meta property=\"og:url\" content=\"https:\/\/www.aiudulmeu.ro\/szabo\/ro\/fotografii-aiudene\/\" \/>\n<meta property=\"og:site_name\" content=\"Szab\u00f3 J\u00e1nos fot\u00f3m\u0171v\u00e9sz\" \/>\n<meta property=\"article:modified_time\" content=\"2022-10-31T11:07:12+00:00\" \/>\n<meta name=\"twitter:card\" content=\"summary_large_image\" \/>\n<meta name=\"twitter:label1\" content=\"Est. reading time\" \/>\n\t<meta name=\"twitter:data1\" content=\"1 minute\" \/>\n<script type=\"application\/ld+json\" class=\"yoast-schema-graph\">{\"@context\":\"https:\\\/\\\/schema.org\",\"@graph\":[{\"@type\":\"WebPage\",\"@id\":\"https:\\\/\\\/www.aiudulmeu.ro\\\/szabo\\\/ro\\\/fotografii-aiudene\\\/\",\"url\":\"https:\\\/\\\/www.aiudulmeu.ro\\\/szabo\\\/ro\\\/fotografii-aiudene\\\/\",\"name\":\"Fotografii aiudene - Szab\u00f3 J\u00e1nos fot\u00f3m\u0171v\u00e9sz\",\"isPartOf\":{\"@id\":\"https:\\\/\\\/www.aiudulmeu.ro\\\/szabo\\\/#website\"},\"datePublished\":\"2022-02-18T20:09:21+00:00\",\"dateModified\":\"2022-10-31T11:07:12+00:00\",\"breadcrumb\":{\"@id\":\"https:\\\/\\\/www.aiudulmeu.ro\\\/szabo\\\/ro\\\/fotografii-aiudene\\\/#breadcrumb\"},\"inLanguage\":\"en-US\",\"potentialAction\":[{\"@type\":\"ReadAction\",\"target\":[\"https:\\\/\\\/www.aiudulmeu.ro\\\/szabo\\\/ro\\\/fotografii-aiudene\\\/\"]}]},{\"@type\":\"BreadcrumbList\",\"@id\":\"https:\\\/\\\/www.aiudulmeu.ro\\\/szabo\\\/ro\\\/fotografii-aiudene\\\/#breadcrumb\",\"itemListElement\":[{\"@type\":\"ListItem\",\"position\":1,\"name\":\"Home\",\"item\":\"https:\\\/\\\/www.aiudulmeu.ro\\\/szabo\\\/\"},{\"@type\":\"ListItem\",\"position\":2,\"name\":\"Fotografii aiudene\"}]},{\"@type\":\"WebSite\",\"@id\":\"https:\\\/\\\/www.aiudulmeu.ro\\\/szabo\\\/#website\",\"url\":\"https:\\\/\\\/www.aiudulmeu.ro\\\/szabo\\\/\",\"name\":\"Szab\u00f3 J\u00e1nos fot\u00f3m\u0171v\u00e9sz\",\"description\":\"nagyenyedi fot\u00f3m\u0171v\u00e9sz\",\"potentialAction\":[{\"@type\":\"SearchAction\",\"target\":{\"@type\":\"EntryPoint\",\"urlTemplate\":\"https:\\\/\\\/www.aiudulmeu.ro\\\/szabo\\\/?s={search_term_string}\"},\"query-input\":{\"@type\":\"PropertyValueSpecification\",\"valueRequired\":true,\"valueName\":\"search_term_string\"}}],\"inLanguage\":\"en-US\"}]}<\/script>\n<!-- \/ Yoast SEO plugin. -->","yoast_head_json":{"title":"Fotografii aiudene - Szab\u00f3 J\u00e1nos fot\u00f3m\u0171v\u00e9sz","robots":{"index":"index","follow":"follow","max-snippet":"max-snippet:-1","max-image-preview":"max-image-preview:large","max-video-preview":"max-video-preview:-1"},"canonical":"https:\/\/www.aiudulmeu.ro\/szabo\/ro\/fotografii-aiudene\/","og_locale":"en_US","og_type":"article","og_title":"Fotografii aiudene - Szab\u00f3 J\u00e1nos fot\u00f3m\u0171v\u00e9sz","og_description":"[vc_row content_placement=&#8221;top&#8221; fullwidth=&#8221;yes&#8221; parallax_bg=&#8221;true&#8221;][vc_column][vc_single_image image=&#8221;1174&#8243; img_size=&#8221;full&#8221;][\/vc_column][\/vc_row][vc_row][vc_column width=&#8221;1\/2&#8243; offset=&#8221;vc_col-md-12&#8243;][vc_empty_space][\/vc_column][\/vc_row][vc_row][vc_column width=&#8221;1\/3&#8243;][vc_single_image image=&#8221;1524&#8243; img_size=&#8221;large&#8221; onclick=&#8221;custom_link&#8221; link=&#8221;https:\/\/www.aiudulmeu.ro\/szabo\/ro\/fotografii-aiudene\/orasul\/&#8221; css=&#8221;.vc_custom_1645288871852{margin-bottom: 0px !important;border-bottom-width: 0px !important;padding-bottom: 10px !important;}&#8221;][\/vc_column][vc_column width=&#8221;1\/3&#8243;][vc_single_image image=&#8221;1543&#8243; img_size=&#8221;large&#8221; onclick=&#8221;custom_link&#8221; link=&#8221;https:\/\/www.aiudulmeu.ro\/szabo\/ro\/fotografii-aiudene\/despre-vinuri\/&#8221; css=&#8221;.vc_custom_1667214045517{margin-bottom: 0px !important;border-bottom-width: 0px !important;padding-bottom: 10px !important;}&#8221;][\/vc_column][vc_column width=&#8221;1\/3&#8243;][vc_single_image image=&#8221;1595&#8243; img_size=&#8221;large&#8221; onclick=&#8221;custom_link&#8221; link=&#8221;https:\/\/www.aiudulmeu.ro\/szabo\/ro\/fotografii-aiudene\/viata-de-zi-cu-zi\/&#8221; css=&#8221;.vc_custom_1667214066373{margin-bottom: 0px !important;border-bottom-width: 0px !important;padding-bottom: 10px !important;}&#8221;][\/vc_column][\/vc_row][vc_row][vc_column][vc_separator css=&#8221;.vc_custom_1609581317895{padding-top: 30px !important;padding-bottom: 30px !important;}&#8221;][\/vc_column][\/vc_row][vc_row][vc_column width=&#8221;1\/3&#8243;][vc_single_image image=&#8221;1694&#8243; img_size=&#8221;large&#8221; onclick=&#8221;custom_link&#8221; link=&#8221;https:\/\/www.aiudulmeu.ro\/szabo\/ro\/fotografii-aiudene\/portrete\/&#8221; css=&#8221;.vc_custom_1667214088108{margin-bottom: [&hellip;]","og_url":"https:\/\/www.aiudulmeu.ro\/szabo\/ro\/fotografii-aiudene\/","og_site_name":"Szab\u00f3 J\u00e1nos fot\u00f3m\u0171v\u00e9sz","article_modified_time":"2022-10-31T11:07:12+00:00","twitter_card":"summary_large_image","twitter_misc":{"Est. reading time":"1 minute"},"schema":{"@context":"https:\/\/schema.org","@graph":[{"@type":"WebPage","@id":"https:\/\/www.aiudulmeu.ro\/szabo\/ro\/fotografii-aiudene\/","url":"https:\/\/www.aiudulmeu.ro\/szabo\/ro\/fotografii-aiudene\/","name":"Fotografii aiudene - Szab\u00f3 J\u00e1nos fot\u00f3m\u0171v\u00e9sz","isPartOf":{"@id":"https:\/\/www.aiudulmeu.ro\/szabo\/#website"},"datePublished":"2022-02-18T20:09:21+00:00","dateModified":"2022-10-31T11:07:12+00:00","breadcrumb":{"@id":"https:\/\/www.aiudulmeu.ro\/szabo\/ro\/fotografii-aiudene\/#breadcrumb"},"inLanguage":"en-US","potentialAction":[{"@type":"ReadAction","target":["https:\/\/www.aiudulmeu.ro\/szabo\/ro\/fotografii-aiudene\/"]}]},{"@type":"BreadcrumbList","@id":"https:\/\/www.aiudulmeu.ro\/szabo\/ro\/fotografii-aiudene\/#breadcrumb","itemListElement":[{"@type":"ListItem","position":1,"name":"Home","item":"https:\/\/www.aiudulmeu.ro\/szabo\/"},{"@type":"ListItem","position":2,"name":"Fotografii aiudene"}]},{"@type":"WebSite","@id":"https:\/\/www.aiudulmeu.ro\/szabo\/#website","url":"https:\/\/www.aiudulmeu.ro\/szabo\/","name":"Szab\u00f3 J\u00e1nos fot\u00f3m\u0171v\u00e9sz","description":"nagyenyedi fot\u00f3m\u0171v\u00e9sz","potentialAction":[{"@type":"SearchAction","target":{"@type":"EntryPoint","urlTemplate":"https:\/\/www.aiudulmeu.ro\/szabo\/?s={search_term_string}"},"query-input":{"@type":"PropertyValueSpecification","valueRequired":true,"valueName":"search_term_string"}}],"inLanguage":"en-US"}]}},"_links":{"self":[{"href":"https:\/\/www.aiudulmeu.ro\/szabo\/wp-json\/wp\/v2\/pages\/1749","targetHints":{"allow":["GET"]}}],"collection":[{"href":"https:\/\/www.aiudulmeu.ro\/szabo\/wp-json\/wp\/v2\/pages"}],"about":[{"href":"https:\/\/www.aiudulmeu.ro\/szabo\/wp-json\/wp\/v2\/types\/page"}],"author":[{"embeddable":true,"href":"https:\/\/www.aiudulmeu.ro\/szabo\/wp-json\/wp\/v2\/users\/1"}],"replies":[{"embeddable":true,"href":"https:\/\/www.aiudulmeu.ro\/szabo\/wp-json\/wp\/v2\/comments?post=1749"}],"version-history":[{"count":13,"href":"https:\/\/www.aiudulmeu.ro\/szabo\/wp-json\/wp\/v2\/pages\/1749\/revisions"}],"predecessor-version":[{"id":2113,"href":"https:\/\/www.aiudulmeu.ro\/szabo\/wp-json\/wp\/v2\/pages\/1749\/revisions\/2113"}],"wp:attachment":[{"href":"https:\/\/www.aiudulmeu.ro\/szabo\/wp-json\/wp\/v2\/media?parent=1749"}],"curies":[{"name":"wp","href":"https:\/\/api.w.org\/{rel}","templated":true}]}}