{"id":1774,"date":"2022-02-19T16:18:39","date_gmt":"2022-02-19T16:18:39","guid":{"rendered":"https:\/\/www.aiudulmeu.ro\/szabo\/?page_id=1774"},"modified":"2023-09-20T11:51:41","modified_gmt":"2023-09-20T11:51:41","slug":"home","status":"publish","type":"page","link":"https:\/\/www.aiudulmeu.ro\/szabo\/ro\/home\/","title":{"rendered":"Home"},"content":{"rendered":"<div class=\"wpb-content-wrapper\"><p>[vc_row fullwidth=&#8221;yes&#8221;][vc_column][rev_slider_vc alias=&#8221;szabo-home-ro&#8221;][\/vc_column][\/vc_row][vc_row el_class=&#8221;bg-color&#8221; css=&#8221;.vc_custom_1609026885471{padding-top: 32px !important;padding-bottom: 0px !important;}&#8221;][vc_column][vc_column_text]<\/p>\n<h2 class=\"text-white text-center text-center-mobile font-size-24 margin-bottom-0\">Mo\u0219tenirea fotografului amator J\u00e1nos Szab\u00f3 \/ \u00a9 Biblioteca Documentar\u0103 Bethlen G\u00e1bor, Aiud<\/h2>\n<h2 class=\"text-white text-center text-center-mobile font-size-22 margin-bottom-0\">Digitalizare: Arhiva foto Azopan \/ Pagina web: AiudulMeu.ro<\/h2>\n<p>[\/vc_column_text][\/vc_column][\/vc_row][vc_row css=&#8221;.vc_custom_1609028529920{padding-top: 80px !important;padding-bottom: 20px !important;}&#8221;][vc_column offset=&#8221;vc_col-md-8&#8243;]\n    <h2 class=\"text-left\" >Despre mo\u0219tenirea fotografului<\/h2>\n    \t    <div class=\"wprt-lines style-1 custom-3\">\n\t        <div class=\"line-1\"><\/div>\n\t    <\/div>\n    \n        \t\n[vc_empty_space height=&#8221;30px&#8221;][vc_column_text]<span class=\"HwtZe\" lang=\"ro\"><span class=\"jCAhz ChMk0b\"><span class=\"ryNqvb\">O mic\u0103 parte din mo\u0219tenirea fotografic\u0103 a lui\u00a0 J\u00e1nos Szab\u00f3 se afl\u0103 \u00een prezent \u00een Biblioteca Documentar\u0103 Bethlen G\u00e1bor din Aiud. Dou\u0103 albume con\u021bin negativele fotografiilor pe care le-a f\u0103cut. Cu excep\u021bia c\u00e2torva copii mari, acestea nu au fost p\u0103strate sub form\u0103 tip\u0103rit\u0103. Acum public\u0103m o selec\u021bie din aceste negative, care vor oferi o privire \u00een via\u021ba de zi cu zi a unui t\u00e2n\u0103r din Aiud \u00eentre 1932 \u0219i 1939. Celelalte fotografii \u0219i negative ale sale se afl\u0103 \u00een prezent \u00een proprietate privat\u0103. Vrem s\u0103 exprim\u0103m recuno\u0219tin\u021ba noastr\u0103 fa\u021b\u0103 de Maxim Enik\u0151, care a adus negativele, \u0219i fa\u021b\u0103 de regretatele Marx \u00c1gnes \u0219i Marx M\u00e1rta, care le-au donat bibliotecii. \u00cencuraj\u0103m pe toat\u0103 lumea s\u0103 ne \u00eencredin\u021beze aceste fotografii \u0219i documente vechi, deoarece acest lucru va permite p\u0103strarea lor pentru genera\u021biile viitoare prin stocare \u0219i procesare corespunz\u0103toare. Nu \u00een ultimul r\u00e2nd, ele devin comori publice, valori de care fiecare locuitor actual \u0219i fost al aiudului poate fi cu \u00a0m\u00e2ndru.<\/span><\/span><\/span><\/p>\n<p><a href=\"https:\/\/www.aiudulmeu.ro\/szabo\/ro\/mostenirea-fotografica\/\">Articolul \u00eentreg<\/a>[\/vc_column_text][\/vc_column][vc_column offset=&#8221;vc_col-md-4&#8243;][vc_single_image image=&#8221;1185&#8243; img_size=&#8221;full&#8221;][\/vc_column][\/vc_row]<\/p>\n<\/div>","protected":false},"excerpt":{"rendered":"<p>[vc_row fullwidth=&#8221;yes&#8221;][vc_column][rev_slider_vc alias=&#8221;szabo-home-ro&#8221;][\/vc_column][\/vc_row][vc_row el_class=&#8221;bg-color&#8221; css=&#8221;.vc_custom_1609026885471{padding-top: 32px !important;padding-bottom: 0px !important;}&#8221;][vc_column][vc_column_text] Mo\u0219tenirea fotografului amator J\u00e1nos Szab\u00f3 \/ \u00a9 Biblioteca Documentar\u0103 Bethlen G\u00e1bor, Aiud Digitalizare: Arhiva foto Azopan \/ Pagina web: AiudulMeu.ro [\/vc_column_text][\/vc_column][\/vc_row][vc_row css=&#8221;.vc_custom_1609028529920{padding-top: 80px !important;padding-bottom: 20px !important;}&#8221;][vc_column offset=&#8221;vc_col-md-8&#8243;][vc_empty_space height=&#8221;30px&#8221;][vc_column_text]O mic\u0103 parte din mo\u0219tenirea fotografic\u0103 a lui\u00a0 J\u00e1nos Szab\u00f3 se afl\u0103 \u00een prezent \u00een Biblioteca Documentar\u0103 Bethlen G\u00e1bor [&hellip;]<\/p>\n","protected":false},"author":1,"featured_media":0,"parent":0,"menu_order":0,"comment_status":"closed","ping_status":"closed","template":"page-templates\/template-trans.php","meta":{"footnotes":""},"class_list":["post-1774","page","type-page","status-publish","hentry"],"yoast_head":"<!-- This site is optimized with the Yoast SEO plugin v27.4 - https:\/\/yoast.com\/product\/yoast-seo-wordpress\/ -->\n<title>Home - Szab\u00f3 J\u00e1nos fot\u00f3m\u0171v\u00e9sz<\/title>\n<meta name=\"robots\" content=\"index, follow, max-snippet:-1, max-image-preview:large, max-video-preview:-1\" \/>\n<link rel=\"canonical\" href=\"https:\/\/www.aiudulmeu.ro\/szabo\/ro\/home\/\" \/>\n<meta property=\"og:locale\" content=\"en_US\" \/>\n<meta property=\"og:type\" content=\"article\" \/>\n<meta property=\"og:title\" content=\"Mo\u0219tenirea fotografului amator J\u00e1nos Szab\u00f3\" \/>\n<meta property=\"og:description\" content=\"[vc_row fullwidth=&#8221;yes&#8221;][vc_column][rev_slider_vc alias=&#8221;szabo-home-ro&#8221;][\/vc_column][\/vc_row][vc_row el_class=&#8221;bg-color&#8221; css=&#8221;.vc_custom_1609026885471{padding-top: 32px !important;padding-bottom: 0px !important;}&#8221;][vc_column][vc_column_text] Mo\u0219tenirea fotografului amator J\u00e1nos Szab\u00f3 \/ \u00a9 Biblioteca Documentar\u0103 Bethlen G\u00e1bor, Aiud Digitalizare: Arhiva foto Azopan \/ Pagina web: AiudulMeu.ro [\/vc_column_text][\/vc_column][\/vc_row][vc_row css=&#8221;.vc_custom_1609028529920{padding-top: 80px !important;padding-bottom: 20px !important;}&#8221;][vc_column offset=&#8221;vc_col-md-8&#8243;][vc_empty_space height=&#8221;30px&#8221;][vc_column_text]O mic\u0103 parte din mo\u0219tenirea fotografic\u0103 a lui\u00a0 J\u00e1nos Szab\u00f3 se afl\u0103 \u00een prezent \u00een Biblioteca Documentar\u0103 Bethlen G\u00e1bor [&hellip;]\" \/>\n<meta property=\"og:url\" content=\"https:\/\/www.aiudulmeu.ro\/szabo\/ro\/home\/\" \/>\n<meta property=\"og:site_name\" content=\"Szab\u00f3 J\u00e1nos fot\u00f3m\u0171v\u00e9sz\" \/>\n<meta property=\"article:modified_time\" content=\"2023-09-20T11:51:41+00:00\" \/>\n<meta property=\"og:image\" content=\"https:\/\/www.aiudulmeu.ro\/szabo\/wp-content\/uploads\/2022\/10\/szabo-janos-social-ro.jpg\" \/>\n\t<meta property=\"og:image:width\" content=\"1230\" \/>\n\t<meta property=\"og:image:height\" content=\"706\" \/>\n\t<meta property=\"og:image:type\" content=\"image\/jpeg\" \/>\n<meta name=\"twitter:card\" content=\"summary_large_image\" \/>\n<meta name=\"twitter:title\" content=\"Mo\u0219tenirea fotografului amator J\u00e1nos Szab\u00f3\" \/>\n<meta name=\"twitter:image\" content=\"https:\/\/www.aiudulmeu.ro\/szabo\/wp-content\/uploads\/2022\/10\/szabo-janos-social-ro.jpg\" \/>\n<meta name=\"twitter:label1\" content=\"Est. reading time\" \/>\n\t<meta name=\"twitter:data1\" content=\"1 minute\" \/>\n<script type=\"application\/ld+json\" class=\"yoast-schema-graph\">{\"@context\":\"https:\\\/\\\/schema.org\",\"@graph\":[{\"@type\":\"WebPage\",\"@id\":\"https:\\\/\\\/www.aiudulmeu.ro\\\/szabo\\\/ro\\\/home\\\/\",\"url\":\"https:\\\/\\\/www.aiudulmeu.ro\\\/szabo\\\/ro\\\/home\\\/\",\"name\":\"Home - Szab\u00f3 J\u00e1nos fot\u00f3m\u0171v\u00e9sz\",\"isPartOf\":{\"@id\":\"https:\\\/\\\/www.aiudulmeu.ro\\\/szabo\\\/#website\"},\"datePublished\":\"2022-02-19T16:18:39+00:00\",\"dateModified\":\"2023-09-20T11:51:41+00:00\",\"breadcrumb\":{\"@id\":\"https:\\\/\\\/www.aiudulmeu.ro\\\/szabo\\\/ro\\\/home\\\/#breadcrumb\"},\"inLanguage\":\"en-US\",\"potentialAction\":[{\"@type\":\"ReadAction\",\"target\":[\"https:\\\/\\\/www.aiudulmeu.ro\\\/szabo\\\/ro\\\/home\\\/\"]}]},{\"@type\":\"BreadcrumbList\",\"@id\":\"https:\\\/\\\/www.aiudulmeu.ro\\\/szabo\\\/ro\\\/home\\\/#breadcrumb\",\"itemListElement\":[{\"@type\":\"ListItem\",\"position\":1,\"name\":\"Home\",\"item\":\"https:\\\/\\\/www.aiudulmeu.ro\\\/szabo\\\/\"},{\"@type\":\"ListItem\",\"position\":2,\"name\":\"Home\"}]},{\"@type\":\"WebSite\",\"@id\":\"https:\\\/\\\/www.aiudulmeu.ro\\\/szabo\\\/#website\",\"url\":\"https:\\\/\\\/www.aiudulmeu.ro\\\/szabo\\\/\",\"name\":\"Szab\u00f3 J\u00e1nos fot\u00f3m\u0171v\u00e9sz\",\"description\":\"nagyenyedi fot\u00f3m\u0171v\u00e9sz\",\"potentialAction\":[{\"@type\":\"SearchAction\",\"target\":{\"@type\":\"EntryPoint\",\"urlTemplate\":\"https:\\\/\\\/www.aiudulmeu.ro\\\/szabo\\\/?s={search_term_string}\"},\"query-input\":{\"@type\":\"PropertyValueSpecification\",\"valueRequired\":true,\"valueName\":\"search_term_string\"}}],\"inLanguage\":\"en-US\"}]}<\/script>\n<!-- \/ Yoast SEO plugin. -->","yoast_head_json":{"title":"Home - Szab\u00f3 J\u00e1nos fot\u00f3m\u0171v\u00e9sz","robots":{"index":"index","follow":"follow","max-snippet":"max-snippet:-1","max-image-preview":"max-image-preview:large","max-video-preview":"max-video-preview:-1"},"canonical":"https:\/\/www.aiudulmeu.ro\/szabo\/ro\/home\/","og_locale":"en_US","og_type":"article","og_title":"Mo\u0219tenirea fotografului amator J\u00e1nos Szab\u00f3","og_description":"[vc_row fullwidth=&#8221;yes&#8221;][vc_column][rev_slider_vc alias=&#8221;szabo-home-ro&#8221;][\/vc_column][\/vc_row][vc_row el_class=&#8221;bg-color&#8221; css=&#8221;.vc_custom_1609026885471{padding-top: 32px !important;padding-bottom: 0px !important;}&#8221;][vc_column][vc_column_text] Mo\u0219tenirea fotografului amator J\u00e1nos Szab\u00f3 \/ \u00a9 Biblioteca Documentar\u0103 Bethlen G\u00e1bor, Aiud Digitalizare: Arhiva foto Azopan \/ Pagina web: AiudulMeu.ro [\/vc_column_text][\/vc_column][\/vc_row][vc_row css=&#8221;.vc_custom_1609028529920{padding-top: 80px !important;padding-bottom: 20px !important;}&#8221;][vc_column offset=&#8221;vc_col-md-8&#8243;][vc_empty_space height=&#8221;30px&#8221;][vc_column_text]O mic\u0103 parte din mo\u0219tenirea fotografic\u0103 a lui\u00a0 J\u00e1nos Szab\u00f3 se afl\u0103 \u00een prezent \u00een Biblioteca Documentar\u0103 Bethlen G\u00e1bor [&hellip;]","og_url":"https:\/\/www.aiudulmeu.ro\/szabo\/ro\/home\/","og_site_name":"Szab\u00f3 J\u00e1nos fot\u00f3m\u0171v\u00e9sz","article_modified_time":"2023-09-20T11:51:41+00:00","og_image":[{"width":1230,"height":706,"url":"https:\/\/www.aiudulmeu.ro\/szabo\/wp-content\/uploads\/2022\/10\/szabo-janos-social-ro.jpg","type":"image\/jpeg"}],"twitter_card":"summary_large_image","twitter_title":"Mo\u0219tenirea fotografului amator J\u00e1nos Szab\u00f3","twitter_image":"https:\/\/www.aiudulmeu.ro\/szabo\/wp-content\/uploads\/2022\/10\/szabo-janos-social-ro.jpg","twitter_misc":{"Est. reading time":"1 minute"},"schema":{"@context":"https:\/\/schema.org","@graph":[{"@type":"WebPage","@id":"https:\/\/www.aiudulmeu.ro\/szabo\/ro\/home\/","url":"https:\/\/www.aiudulmeu.ro\/szabo\/ro\/home\/","name":"Home - Szab\u00f3 J\u00e1nos fot\u00f3m\u0171v\u00e9sz","isPartOf":{"@id":"https:\/\/www.aiudulmeu.ro\/szabo\/#website"},"datePublished":"2022-02-19T16:18:39+00:00","dateModified":"2023-09-20T11:51:41+00:00","breadcrumb":{"@id":"https:\/\/www.aiudulmeu.ro\/szabo\/ro\/home\/#breadcrumb"},"inLanguage":"en-US","potentialAction":[{"@type":"ReadAction","target":["https:\/\/www.aiudulmeu.ro\/szabo\/ro\/home\/"]}]},{"@type":"BreadcrumbList","@id":"https:\/\/www.aiudulmeu.ro\/szabo\/ro\/home\/#breadcrumb","itemListElement":[{"@type":"ListItem","position":1,"name":"Home","item":"https:\/\/www.aiudulmeu.ro\/szabo\/"},{"@type":"ListItem","position":2,"name":"Home"}]},{"@type":"WebSite","@id":"https:\/\/www.aiudulmeu.ro\/szabo\/#website","url":"https:\/\/www.aiudulmeu.ro\/szabo\/","name":"Szab\u00f3 J\u00e1nos fot\u00f3m\u0171v\u00e9sz","description":"nagyenyedi fot\u00f3m\u0171v\u00e9sz","potentialAction":[{"@type":"SearchAction","target":{"@type":"EntryPoint","urlTemplate":"https:\/\/www.aiudulmeu.ro\/szabo\/?s={search_term_string}"},"query-input":{"@type":"PropertyValueSpecification","valueRequired":true,"valueName":"search_term_string"}}],"inLanguage":"en-US"}]}},"_links":{"self":[{"href":"https:\/\/www.aiudulmeu.ro\/szabo\/wp-json\/wp\/v2\/pages\/1774","targetHints":{"allow":["GET"]}}],"collection":[{"href":"https:\/\/www.aiudulmeu.ro\/szabo\/wp-json\/wp\/v2\/pages"}],"about":[{"href":"https:\/\/www.aiudulmeu.ro\/szabo\/wp-json\/wp\/v2\/types\/page"}],"author":[{"embeddable":true,"href":"https:\/\/www.aiudulmeu.ro\/szabo\/wp-json\/wp\/v2\/users\/1"}],"replies":[{"embeddable":true,"href":"https:\/\/www.aiudulmeu.ro\/szabo\/wp-json\/wp\/v2\/comments?post=1774"}],"version-history":[{"count":9,"href":"https:\/\/www.aiudulmeu.ro\/szabo\/wp-json\/wp\/v2\/pages\/1774\/revisions"}],"predecessor-version":[{"id":2231,"href":"https:\/\/www.aiudulmeu.ro\/szabo\/wp-json\/wp\/v2\/pages\/1774\/revisions\/2231"}],"wp:attachment":[{"href":"https:\/\/www.aiudulmeu.ro\/szabo\/wp-json\/wp\/v2\/media?parent=1774"}],"curies":[{"name":"wp","href":"https:\/\/api.w.org\/{rel}","templated":true}]}}