{"id":2053,"date":"2022-10-31T08:58:04","date_gmt":"2022-10-31T08:58:04","guid":{"rendered":"https:\/\/www.aiudulmeu.ro\/szabo\/?page_id=2053"},"modified":"2022-10-31T09:03:53","modified_gmt":"2022-10-31T09:03:53","slug":"contact","status":"publish","type":"page","link":"https:\/\/www.aiudulmeu.ro\/szabo\/ro\/contact\/","title":{"rendered":"Contact"},"content":{"rendered":"<div class=\"wpb-content-wrapper\"><p>[vc_row content_placement=&#8221;top&#8221; fullwidth=&#8221;yes&#8221; parallax_bg=&#8221;true&#8221;][vc_column][vc_single_image image=&#8221;1196&#8243; img_size=&#8221;full&#8221;][\/vc_column][\/vc_row][vc_row][vc_column width=&#8221;1\/2&#8243; offset=&#8221;vc_col-md-12&#8243;]\n    <h2 class=\"text-left\" >Contact<\/h2>\n    \t    <div class=\"wprt-lines style-1 custom-3\">\n\t        <div class=\"line-1\"><\/div>\n\t    <\/div>\n    \n        \t\n[\/vc_column][\/vc_row][vc_row][vc_column width=&#8221;1\/2&#8243;][vc_column_text css=&#8221;.vc_custom_1667206704835{margin-top: 25px !important;margin-bottom: 25px !important;}&#8221;]<\/p>\n<p style=\"text-align: left;\">Dac\u0103 ave\u021bi o colec\u021bie de fotografii J\u00e1nos Szab\u00f3 sau orice alte informa\u021bii, am fi bucuro\u0219i s\u0103 o \u00eemp\u0103rt\u0103\u0219im pe site-ul nostru.<\/p>\n<p>[\/vc_column_text][\/vc_column][vc_column width=&#8221;1\/2&#8243;]\n<div class=\"wpcf7 no-js\" id=\"wpcf7-f2058-o1\" lang=\"en-US\" dir=\"ltr\" data-wpcf7-id=\"2058\">\n<div class=\"screen-reader-response\"><p role=\"status\" aria-live=\"polite\" aria-atomic=\"true\"><\/p> <ul><\/ul><\/div>\n<form action=\"\/szabo\/wp-json\/wp\/v2\/pages\/2053#wpcf7-f2058-o1\" method=\"post\" class=\"wpcf7-form init\" aria-label=\"Contact form\" novalidate=\"novalidate\" data-status=\"init\">\n<fieldset class=\"hidden-fields-container\"><input type=\"hidden\" name=\"_wpcf7\" value=\"2058\" \/><input type=\"hidden\" name=\"_wpcf7_version\" value=\"6.1.5\" \/><input type=\"hidden\" name=\"_wpcf7_locale\" value=\"en_US\" \/><input type=\"hidden\" name=\"_wpcf7_unit_tag\" value=\"wpcf7-f2058-o1\" \/><input type=\"hidden\" name=\"_wpcf7_container_post\" value=\"0\" \/><input type=\"hidden\" name=\"_wpcf7_posted_data_hash\" value=\"\" \/>\n<\/fieldset>\n<div class=\"content-column one_half\">\n\t<div style=\"padding:\"0;\">\n\t\t<p><label><span class=\"wpcf7-form-control-wrap\" data-name=\"your-name\"><input size=\"40\" maxlength=\"400\" class=\"wpcf7-form-control wpcf7-text wpcf7-validates-as-required\" aria-required=\"true\" aria-invalid=\"false\" placeholder=\"Nume\" value=\"\" type=\"text\" name=\"your-name\" \/><\/span><\/label>\n\t\t<\/p>\n\t<\/div>\n<\/div>\n<div class=\"content-column one_half last_column\">\n\t<p><label><br \/>\n<span class=\"wpcf7-form-control-wrap\" data-name=\"your-email\"><input size=\"40\" maxlength=\"400\" class=\"wpcf7-form-control wpcf7-email wpcf7-validates-as-required wpcf7-text wpcf7-validates-as-email\" aria-required=\"true\" aria-invalid=\"false\" placeholder=\"Email\" value=\"\" type=\"email\" name=\"your-email\" \/><\/span> <\/label>\n\t<\/p>\n<\/div>\n<div class=\"clear_column\">\n<\/div>\n<div class=\"content-column\">\n\t<p><label><span class=\"wpcf7-form-control-wrap\" data-name=\"your-message\"><textarea cols=\"40\" rows=\"10\" maxlength=\"2000\" class=\"wpcf7-form-control wpcf7-textarea\" aria-invalid=\"false\" placeholder=\"Mesaj\" name=\"your-message\"><\/textarea><\/span><\/label>\n\t<\/p>\n\t<p><input class=\"wpcf7-form-control wpcf7-submit has-spinner\" type=\"submit\" value=\"Trimite\" \/>\n\t<\/p>\n<\/div>\n<div class=\"clear_column\">\n<\/div><div class=\"wpcf7-response-output\" aria-hidden=\"true\"><\/div>\n<\/form>\n<\/div>\n[\/vc_column][\/vc_row][vc_row][vc_column][vc_zigzag el_width=&#8221;80&#8243; el_border_width=&#8221;8&#8243; css=&#8221;.vc_custom_1667066187698{margin-top: 20px !important;margin-bottom: 20px !important;border-top-width: 20px !important;border-bottom-width: 20px !important;padding-top: 20px !important;padding-bottom: 20px !important;}&#8221;][\/vc_column][\/vc_row][vc_row][vc_column]\n    <h2 class=\"text-left\" >Au lucrat la proiect<\/h2>\n    \t    <div class=\"wprt-lines style-1 custom-3\">\n\t        <div class=\"line-1\"><\/div>\n\t    <\/div>\n    \n        \t\n[vc_empty_space][vc_row_inner][vc_column_inner width=&#8221;1\/3&#8243; css=&#8221;.vc_custom_1667065266363{margin-right: 20px !important;margin-left: 20px !important;}&#8221;][vc_single_image image=&#8221;2024&#8243; img_size=&#8221;medium&#8221; alignment=&#8221;center&#8221;][vc_column_text]<\/p>\n<div class=\"wpb_text_column wpb_content_element\">\n<div class=\"wpb_wrapper\">\n<p style=\"text-align: center;\"><strong>Edina Gord\u00e1n<\/strong>, bibliotecar\u0103<br \/>\n<em>Biblioteca Documentar\u0103 Bethlen G\u00e1bor, Aiud<br \/>\n<\/em><\/p>\n<\/div>\n<\/div>\n<p>[\/vc_column_text][\/vc_column_inner][vc_column_inner width=&#8221;1\/3&#8243; css=&#8221;.vc_custom_1667064888750{margin-right: 20px !important;margin-left: 20px !important;}&#8221;][vc_single_image image=&#8221;2022&#8243; img_size=&#8221;medium&#8221; alignment=&#8221;center&#8221;][vc_column_text css=&#8221;.vc_custom_1667206760219{margin-top: 25px !important;margin-bottom: 25px !important;}&#8221;]<\/p>\n<div class=\"wpb_text_column wpb_content_element vc_custom_1667064456772\">\n<div class=\"wpb_wrapper\">\n<p style=\"text-align: center;\"><strong>Edg\u00e1r Sz\u0151cs<\/strong>, digitalizare<br \/>\n<em>Fototeca Azopan<\/em><\/p>\n<\/div>\n<\/div>\n<p>[\/vc_column_text][\/vc_column_inner][vc_column_inner width=&#8221;1\/3&#8243; css=&#8221;.vc_custom_1667064897026{margin-right: 20px !important;margin-left: 20px !important;}&#8221;][vc_single_image image=&#8221;2023&#8243; img_size=&#8221;medium&#8221; alignment=&#8221;center&#8221;][vc_column_text css=&#8221;.vc_custom_1667206780266{margin-top: 25px !important;margin-bottom: 25px !important;}&#8221;]<\/p>\n<div class=\"wpb_text_column wpb_content_element vc_custom_1667065298790\">\n<div class=\"wpb_wrapper\">\n<p style=\"text-align: center;\"><strong>Lixandru Robert<\/strong>, realizare site<br \/>\n<em>AiudulMeu.ro<\/em><\/p>\n<\/div>\n<\/div>\n<p>[\/vc_column_text][\/vc_column_inner][\/vc_row_inner][\/vc_column][\/vc_row][vc_row][vc_column][vc_zigzag el_width=&#8221;80&#8243; el_border_width=&#8221;8&#8243; css=&#8221;.vc_custom_1667066206345{margin-top: 20px !important;margin-bottom: 20px !important;border-top-width: 20px !important;border-bottom-width: 20px !important;padding-top: 20px !important;padding-bottom: 20px !important;}&#8221;][\/vc_column][\/vc_row][vc_row][vc_column]\n    <h2 class=\"text-left\" >Copyright \u00a9<\/h2>\n    \t    <div class=\"wprt-lines style-1 custom-3\">\n\t        <div class=\"line-1\"><\/div>\n\t    <\/div>\n    \n        \t\n[vc_empty_space][vc_column_text]<strong>Copyright \u00a9 Biblioteca Documentar\u0103 Bethlen G\u00e1bor, Aiud<\/strong><\/p>\n<p>Informa\u021biile de pe acest site nu pot fi reproduse nici electronic, nici prin mijloace mecanice: fotocopierea, \u00eenregistrarea, stocarea \u0219i desc\u0103rcarea acestora pe alte calculatoare nu sunt permise f\u0103r\u0103 un acord prealabil, \u00een scris, din partea autorilor. V\u0103 invit\u0103m, \u00een schimb, s\u0103 consulta\u021bi site-ul web.<\/p>\n<p style=\"text-align: center;\"><em>\u00a0<\/em><\/p>\n<p>[\/vc_column_text][\/vc_column][\/vc_row][vc_row][vc_column][vc_empty_space height=&#8221;100px&#8221;][\/vc_column][\/vc_row]<\/p>\n<\/div>","protected":false},"excerpt":{"rendered":"<p>[vc_row content_placement=&#8221;top&#8221; fullwidth=&#8221;yes&#8221; parallax_bg=&#8221;true&#8221;][vc_column][vc_single_image image=&#8221;1196&#8243; img_size=&#8221;full&#8221;][\/vc_column][\/vc_row][vc_row][vc_column width=&#8221;1\/2&#8243; offset=&#8221;vc_col-md-12&#8243;][\/vc_column][\/vc_row][vc_row][vc_column width=&#8221;1\/2&#8243;][vc_column_text css=&#8221;.vc_custom_1667206704835{margin-top: 25px !important;margin-bottom: 25px !important;}&#8221;] Dac\u0103 ave\u021bi o colec\u021bie de fotografii J\u00e1nos Szab\u00f3 sau orice alte informa\u021bii, am fi bucuro\u0219i s\u0103 o \u00eemp\u0103rt\u0103\u0219im pe site-ul nostru. [\/vc_column_text][\/vc_column][vc_column width=&#8221;1\/2&#8243;][\/vc_column][\/vc_row][vc_row][vc_column][vc_zigzag el_width=&#8221;80&#8243; el_border_width=&#8221;8&#8243; css=&#8221;.vc_custom_1667066187698{margin-top: 20px !important;margin-bottom: 20px !important;border-top-width: 20px !important;border-bottom-width: 20px !important;padding-top: 20px !important;padding-bottom: 20px !important;}&#8221;][\/vc_column][\/vc_row][vc_row][vc_column][vc_empty_space][vc_row_inner][vc_column_inner width=&#8221;1\/3&#8243; css=&#8221;.vc_custom_1667065266363{margin-right: 20px [&hellip;]<\/p>\n","protected":false},"author":1,"featured_media":0,"parent":0,"menu_order":0,"comment_status":"closed","ping_status":"closed","template":"page-templates\/template-trans.php","meta":{"footnotes":""},"class_list":["post-2053","page","type-page","status-publish","hentry"],"yoast_head":"<!-- This site is optimized with the Yoast SEO plugin v27.4 - https:\/\/yoast.com\/product\/yoast-seo-wordpress\/ -->\n<title>Contact - Szab\u00f3 J\u00e1nos fot\u00f3m\u0171v\u00e9sz<\/title>\n<meta name=\"robots\" content=\"index, follow, max-snippet:-1, max-image-preview:large, max-video-preview:-1\" \/>\n<link rel=\"canonical\" href=\"https:\/\/www.aiudulmeu.ro\/szabo\/ro\/contact\/\" \/>\n<meta property=\"og:locale\" content=\"en_US\" \/>\n<meta property=\"og:type\" content=\"article\" \/>\n<meta property=\"og:title\" content=\"Szab\u00f3 J\u00e1nos fot\u00f3m\u0171v\u00e9sz\" \/>\n<meta property=\"og:description\" content=\"[vc_row content_placement=&#8221;top&#8221; fullwidth=&#8221;yes&#8221; parallax_bg=&#8221;true&#8221;][vc_column][vc_single_image image=&#8221;1196&#8243; img_size=&#8221;full&#8221;][\/vc_column][\/vc_row][vc_row][vc_column width=&#8221;1\/2&#8243; offset=&#8221;vc_col-md-12&#8243;][\/vc_column][\/vc_row][vc_row][vc_column width=&#8221;1\/2&#8243;][vc_column_text css=&#8221;.vc_custom_1667206704835{margin-top: 25px !important;margin-bottom: 25px !important;}&#8221;] Dac\u0103 ave\u021bi o colec\u021bie de fotografii J\u00e1nos Szab\u00f3 sau orice alte informa\u021bii, am fi bucuro\u0219i s\u0103 o \u00eemp\u0103rt\u0103\u0219im pe site-ul nostru. [\/vc_column_text][\/vc_column][vc_column width=&#8221;1\/2&#8243;][\/vc_column][\/vc_row][vc_row][vc_column][vc_zigzag el_width=&#8221;80&#8243; el_border_width=&#8221;8&#8243; css=&#8221;.vc_custom_1667066187698{margin-top: 20px !important;margin-bottom: 20px !important;border-top-width: 20px !important;border-bottom-width: 20px !important;padding-top: 20px !important;padding-bottom: 20px !important;}&#8221;][\/vc_column][\/vc_row][vc_row][vc_column][vc_empty_space][vc_row_inner][vc_column_inner width=&#8221;1\/3&#8243; css=&#8221;.vc_custom_1667065266363{margin-right: 20px [&hellip;]\" \/>\n<meta property=\"og:url\" content=\"https:\/\/www.aiudulmeu.ro\/szabo\/ro\/contact\/\" \/>\n<meta property=\"og:site_name\" content=\"Szab\u00f3 J\u00e1nos fot\u00f3m\u0171v\u00e9sz\" \/>\n<meta property=\"article:modified_time\" content=\"2022-10-31T09:03:53+00:00\" \/>\n<meta property=\"og:image\" content=\"https:\/\/www.aiudulmeu.ro\/szabo\/wp-content\/uploads\/2021\/01\/aiud-nagyenyed-szabo-janos-gallery-avaros.jpg\" \/>\n\t<meta property=\"og:image:width\" content=\"768\" \/>\n\t<meta property=\"og:image:height\" content=\"469\" \/>\n\t<meta property=\"og:image:type\" content=\"image\/jpeg\" \/>\n<meta name=\"twitter:card\" content=\"summary_large_image\" \/>\n<meta name=\"twitter:image\" content=\"https:\/\/www.aiudulmeu.ro\/szabo\/wp-content\/uploads\/2021\/01\/aiud-nagyenyed-szabo-janos-gallery-avaros.jpg\" \/>\n<meta name=\"twitter:label1\" content=\"Est. reading time\" \/>\n\t<meta name=\"twitter:data1\" content=\"1 minute\" \/>\n<script type=\"application\/ld+json\" class=\"yoast-schema-graph\">{\"@context\":\"https:\\\/\\\/schema.org\",\"@graph\":[{\"@type\":\"WebPage\",\"@id\":\"https:\\\/\\\/www.aiudulmeu.ro\\\/szabo\\\/ro\\\/contact\\\/\",\"url\":\"https:\\\/\\\/www.aiudulmeu.ro\\\/szabo\\\/ro\\\/contact\\\/\",\"name\":\"Contact - Szab\u00f3 J\u00e1nos fot\u00f3m\u0171v\u00e9sz\",\"isPartOf\":{\"@id\":\"https:\\\/\\\/www.aiudulmeu.ro\\\/szabo\\\/#website\"},\"datePublished\":\"2022-10-31T08:58:04+00:00\",\"dateModified\":\"2022-10-31T09:03:53+00:00\",\"breadcrumb\":{\"@id\":\"https:\\\/\\\/www.aiudulmeu.ro\\\/szabo\\\/ro\\\/contact\\\/#breadcrumb\"},\"inLanguage\":\"en-US\",\"potentialAction\":[{\"@type\":\"ReadAction\",\"target\":[\"https:\\\/\\\/www.aiudulmeu.ro\\\/szabo\\\/ro\\\/contact\\\/\"]}]},{\"@type\":\"BreadcrumbList\",\"@id\":\"https:\\\/\\\/www.aiudulmeu.ro\\\/szabo\\\/ro\\\/contact\\\/#breadcrumb\",\"itemListElement\":[{\"@type\":\"ListItem\",\"position\":1,\"name\":\"Home\",\"item\":\"https:\\\/\\\/www.aiudulmeu.ro\\\/szabo\\\/\"},{\"@type\":\"ListItem\",\"position\":2,\"name\":\"Contact\"}]},{\"@type\":\"WebSite\",\"@id\":\"https:\\\/\\\/www.aiudulmeu.ro\\\/szabo\\\/#website\",\"url\":\"https:\\\/\\\/www.aiudulmeu.ro\\\/szabo\\\/\",\"name\":\"Szab\u00f3 J\u00e1nos fot\u00f3m\u0171v\u00e9sz\",\"description\":\"nagyenyedi fot\u00f3m\u0171v\u00e9sz\",\"potentialAction\":[{\"@type\":\"SearchAction\",\"target\":{\"@type\":\"EntryPoint\",\"urlTemplate\":\"https:\\\/\\\/www.aiudulmeu.ro\\\/szabo\\\/?s={search_term_string}\"},\"query-input\":{\"@type\":\"PropertyValueSpecification\",\"valueRequired\":true,\"valueName\":\"search_term_string\"}}],\"inLanguage\":\"en-US\"}]}<\/script>\n<!-- \/ Yoast SEO plugin. -->","yoast_head_json":{"title":"Contact - Szab\u00f3 J\u00e1nos fot\u00f3m\u0171v\u00e9sz","robots":{"index":"index","follow":"follow","max-snippet":"max-snippet:-1","max-image-preview":"max-image-preview:large","max-video-preview":"max-video-preview:-1"},"canonical":"https:\/\/www.aiudulmeu.ro\/szabo\/ro\/contact\/","og_locale":"en_US","og_type":"article","og_title":"Szab\u00f3 J\u00e1nos fot\u00f3m\u0171v\u00e9sz","og_description":"[vc_row content_placement=&#8221;top&#8221; fullwidth=&#8221;yes&#8221; parallax_bg=&#8221;true&#8221;][vc_column][vc_single_image image=&#8221;1196&#8243; img_size=&#8221;full&#8221;][\/vc_column][\/vc_row][vc_row][vc_column width=&#8221;1\/2&#8243; offset=&#8221;vc_col-md-12&#8243;][\/vc_column][\/vc_row][vc_row][vc_column width=&#8221;1\/2&#8243;][vc_column_text css=&#8221;.vc_custom_1667206704835{margin-top: 25px !important;margin-bottom: 25px !important;}&#8221;] Dac\u0103 ave\u021bi o colec\u021bie de fotografii J\u00e1nos Szab\u00f3 sau orice alte informa\u021bii, am fi bucuro\u0219i s\u0103 o \u00eemp\u0103rt\u0103\u0219im pe site-ul nostru. [\/vc_column_text][\/vc_column][vc_column width=&#8221;1\/2&#8243;][\/vc_column][\/vc_row][vc_row][vc_column][vc_zigzag el_width=&#8221;80&#8243; el_border_width=&#8221;8&#8243; css=&#8221;.vc_custom_1667066187698{margin-top: 20px !important;margin-bottom: 20px !important;border-top-width: 20px !important;border-bottom-width: 20px !important;padding-top: 20px !important;padding-bottom: 20px !important;}&#8221;][\/vc_column][\/vc_row][vc_row][vc_column][vc_empty_space][vc_row_inner][vc_column_inner width=&#8221;1\/3&#8243; css=&#8221;.vc_custom_1667065266363{margin-right: 20px [&hellip;]","og_url":"https:\/\/www.aiudulmeu.ro\/szabo\/ro\/contact\/","og_site_name":"Szab\u00f3 J\u00e1nos fot\u00f3m\u0171v\u00e9sz","article_modified_time":"2022-10-31T09:03:53+00:00","og_image":[{"width":768,"height":469,"url":"https:\/\/www.aiudulmeu.ro\/szabo\/wp-content\/uploads\/2021\/01\/aiud-nagyenyed-szabo-janos-gallery-avaros.jpg","type":"image\/jpeg"}],"twitter_card":"summary_large_image","twitter_image":"https:\/\/www.aiudulmeu.ro\/szabo\/wp-content\/uploads\/2021\/01\/aiud-nagyenyed-szabo-janos-gallery-avaros.jpg","twitter_misc":{"Est. reading time":"1 minute"},"schema":{"@context":"https:\/\/schema.org","@graph":[{"@type":"WebPage","@id":"https:\/\/www.aiudulmeu.ro\/szabo\/ro\/contact\/","url":"https:\/\/www.aiudulmeu.ro\/szabo\/ro\/contact\/","name":"Contact - Szab\u00f3 J\u00e1nos fot\u00f3m\u0171v\u00e9sz","isPartOf":{"@id":"https:\/\/www.aiudulmeu.ro\/szabo\/#website"},"datePublished":"2022-10-31T08:58:04+00:00","dateModified":"2022-10-31T09:03:53+00:00","breadcrumb":{"@id":"https:\/\/www.aiudulmeu.ro\/szabo\/ro\/contact\/#breadcrumb"},"inLanguage":"en-US","potentialAction":[{"@type":"ReadAction","target":["https:\/\/www.aiudulmeu.ro\/szabo\/ro\/contact\/"]}]},{"@type":"BreadcrumbList","@id":"https:\/\/www.aiudulmeu.ro\/szabo\/ro\/contact\/#breadcrumb","itemListElement":[{"@type":"ListItem","position":1,"name":"Home","item":"https:\/\/www.aiudulmeu.ro\/szabo\/"},{"@type":"ListItem","position":2,"name":"Contact"}]},{"@type":"WebSite","@id":"https:\/\/www.aiudulmeu.ro\/szabo\/#website","url":"https:\/\/www.aiudulmeu.ro\/szabo\/","name":"Szab\u00f3 J\u00e1nos fot\u00f3m\u0171v\u00e9sz","description":"nagyenyedi fot\u00f3m\u0171v\u00e9sz","potentialAction":[{"@type":"SearchAction","target":{"@type":"EntryPoint","urlTemplate":"https:\/\/www.aiudulmeu.ro\/szabo\/?s={search_term_string}"},"query-input":{"@type":"PropertyValueSpecification","valueRequired":true,"valueName":"search_term_string"}}],"inLanguage":"en-US"}]}},"_links":{"self":[{"href":"https:\/\/www.aiudulmeu.ro\/szabo\/wp-json\/wp\/v2\/pages\/2053","targetHints":{"allow":["GET"]}}],"collection":[{"href":"https:\/\/www.aiudulmeu.ro\/szabo\/wp-json\/wp\/v2\/pages"}],"about":[{"href":"https:\/\/www.aiudulmeu.ro\/szabo\/wp-json\/wp\/v2\/types\/page"}],"author":[{"embeddable":true,"href":"https:\/\/www.aiudulmeu.ro\/szabo\/wp-json\/wp\/v2\/users\/1"}],"replies":[{"embeddable":true,"href":"https:\/\/www.aiudulmeu.ro\/szabo\/wp-json\/wp\/v2\/comments?post=2053"}],"version-history":[{"count":4,"href":"https:\/\/www.aiudulmeu.ro\/szabo\/wp-json\/wp\/v2\/pages\/2053\/revisions"}],"predecessor-version":[{"id":2059,"href":"https:\/\/www.aiudulmeu.ro\/szabo\/wp-json\/wp\/v2\/pages\/2053\/revisions\/2059"}],"wp:attachment":[{"href":"https:\/\/www.aiudulmeu.ro\/szabo\/wp-json\/wp\/v2\/media?parent=2053"}],"curies":[{"name":"wp","href":"https:\/\/api.w.org\/{rel}","templated":true}]}}