{"id":2060,"date":"2022-10-31T09:05:14","date_gmt":"2022-10-31T09:05:14","guid":{"rendered":"https:\/\/www.aiudulmeu.ro\/szabo\/?page_id=2060"},"modified":"2023-09-20T07:28:29","modified_gmt":"2023-09-20T07:28:29","slug":"despre-artist","status":"publish","type":"page","link":"https:\/\/www.aiudulmeu.ro\/szabo\/ro\/despre-artist\/","title":{"rendered":"Despre artist"},"content":{"rendered":"<div class=\"wpb-content-wrapper\"><p>[vc_row content_placement=&#8221;top&#8221; fullwidth=&#8221;yes&#8221; parallax_bg=&#8221;true&#8221;][vc_column][vc_single_image image=&#8221;1178&#8243; img_size=&#8221;full&#8221; alignment=&#8221;center&#8221;][\/vc_column][\/vc_row][vc_row][vc_column]\n    <h2 class=\"text-left\" >Despre artist<\/h2>\n    \t    <div class=\"wprt-lines style-1 custom-3\">\n\t        <div class=\"line-1\"><\/div>\n\t    <\/div>\n    \n        \t\n[vc_column_text css=&#8221;.vc_custom_1667208355599{margin-top: 25px !important;margin-bottom: 25px !important;}&#8221;]<strong><img loading=\"lazy\" decoding=\"async\" class=\"alignright wp-image-1752 size-thumbnail\" src=\"https:\/\/www.aiudulmeu.ro\/szabo\/wp-content\/uploads\/2020\/12\/aiud-nagyenyed-szabo-janos-150x150.jpg\" alt=\"\" width=\"150\" height=\"150\" srcset=\"https:\/\/www.aiudulmeu.ro\/szabo\/wp-content\/uploads\/2020\/12\/aiud-nagyenyed-szabo-janos-150x150.jpg 150w, https:\/\/www.aiudulmeu.ro\/szabo\/wp-content\/uploads\/2020\/12\/aiud-nagyenyed-szabo-janos-300x300.jpg 300w, https:\/\/www.aiudulmeu.ro\/szabo\/wp-content\/uploads\/2020\/12\/aiud-nagyenyed-szabo-janos.jpg 600w\" sizes=\"auto, (max-width: 150px) 100vw, 150px\" \/><\/strong><\/p>\n<p><strong>Szab\u00f3 J\u00e1nos<\/strong><br \/>\n(1914\u20132008)<\/p>\n<p>J\u00e1nos Szab\u00f3, nea Jancsi, a fost cet\u0103\u021bean al urbei Nagyenyed\u2013Aiud. Era fiul lui \u00c1rp\u00e1d Szab\u00f3, fost profesor la Colegiul Bethlen, decedat pe front, la Uzsok (Ujoc, localitate \u00een Ucraina Transcarpatic\u0103), \u00een 1914, dup\u0103 o scurt\u0103 carier\u0103 didactic\u0103. \u00cenainte de a fi plecat pe front, \u0219i-a \u00eencredin\u021bat fiul \u00een v\u00e2rst\u0103 de doar \u0219ase luni, colegului s\u0103u de care era deosebit de ata\u0219at, profesorului Lajos J\u00e9kely. A\u0219a a devenit poetul \u00c1prily (pseudonimul literar al lui Lajos J\u00e9kely) mentorul micului Jancsi. \u00cen timpul copil\u0103riei sale, Zolt\u00e1n J\u00e9kely (Zsoli=Joli, fiul lui \u00c1prily), care mai t\u00e2rziu a devenit un renumit poet transilv\u0103nean, a fost coleg de joac\u0103. At\u00e2t la Aiud, c\u00e2t \u0219i mai apoi la Cluj. Prietenia lor a continuat \u0219i dup\u0103 repatrierea lui Zsoli \u00een Ungaria, p\u00e2n\u0103 la moartea acestuia, \u00een anul 1982. Presupun c\u0103 aceste circumstan\u021be i-au marcat \u0219i orientarea literar\u0103, at\u00e2t de excelent\u0103&#8230;<\/p>\n<p><a href=\"https:\/\/www.aiudulmeu.ro\/szabo\/ro\/memorii\/#levente\">Articolul \u00eentreg<\/a>[\/vc_column_text][vc_zigzag el_width=&#8221;90&#8243; el_border_width=&#8221;8&#8243;][vc_column_text css=&#8221;.vc_custom_1695194906697{margin-top: 25px !important;margin-bottom: 25px !important;}&#8221;]<strong><img loading=\"lazy\" decoding=\"async\" class=\"alignright wp-image-1804 size-thumbnail\" src=\"https:\/\/www.aiudulmeu.ro\/szabo\/wp-content\/uploads\/2022\/10\/szabo-arpad-150x150.jpg\" alt=\"\" width=\"150\" height=\"150\" srcset=\"https:\/\/www.aiudulmeu.ro\/szabo\/wp-content\/uploads\/2022\/10\/szabo-arpad-150x150.jpg 150w, https:\/\/www.aiudulmeu.ro\/szabo\/wp-content\/uploads\/2022\/10\/szabo-arpad.jpg 300w\" sizes=\"auto, (max-width: 150px) 100vw, 150px\" \/><\/strong><\/p>\n<p><strong>Szab\u00f3 \u00c1rp\u00e1d<\/strong><br \/>\n(1884\u20131914)<\/p>\n<p>Tat\u0103l lui J\u00e1nos Szab\u00f3, \u00c1rp\u00e1d Szab\u00f3, s-a n\u0103scut la 12 noiembrie 1884 \u00een Szentes, jude\u021bul Csongr\u00e1d. \u0218i-a \u00eenceput studiile \u0219colare \u00een 1894 la Liceul Municipal Szentes. Din 1896 \u0219i-a finalizat studiile secundare la Liceul Regal Maghiar de Stat din Szentes, unde a promovat examenul de absolvire a \u0219colii secundare \u00een 1902. \u0218i-a finalizat studiile universitare la Cluj-Napoca. De la 1 noiembrie 1904 p\u00e2n\u0103 la 31 august 1906 a fost demonstrator la Institutul de Botanic\u0103 al Universit\u0103\u021bii din Cluj &#8230;<\/p>\n<p><a href=\"https:\/\/www.aiudulmeu.ro\/szabo\/ro\/memorii\/#edina\">Articolul \u00eentreg<\/a>[\/vc_column_text][vc_empty_space height=&#8221;50px&#8221;][\/vc_column][\/vc_row][vc_row parallax_bg=&#8221;true&#8221; css=&#8221;.vc_custom_1609075574166{padding-top: 120px !important;padding-bottom: 120px !important;background-image: url(https:\/\/www.aiudulmeu.ro\/szabo\/wp-content\/uploads\/2020\/12\/aiud-nagyenyed-szabo-janos-bgimg1.jpg?id=1153) !important;}&#8221;][vc_column][vc_column_text css=&#8221;.vc_custom_1667207217643{margin-bottom: 0px !important;}&#8221;]<\/p>\n<h3 class=\"text-center text-white font-family-heading font-size-30 margin-bottom-30\" style=\"text-align: center;\">Fotografiile lui J\u00e1nos Szab\u00f3 realizate la mijlocul anilor 1930 (1934?) \u00een Aiud<\/h3>\n<p style=\"text-align: center;\"><a class=\"wprt-button rounded-3px\" href=\"https:\/\/www.aiudulmeu.ro\/szabo\/ro\/fotografii-aiudene\/\">fotografii aiudene<\/a><\/p>\n<p>[\/vc_column_text][\/vc_column][\/vc_row][vc_row css=&#8221;.vc_custom_1497426657469{padding-top: 80px !important;padding-bottom: 80px !important;}&#8221;][vc_column]\n    <h2 class=\"text-left\" >Genealogie<\/h2>\n    \t    <div class=\"wprt-lines style-1 custom-3\">\n\t        <div class=\"line-1\"><\/div>\n\t    <\/div>\n    \n        \t\n[vc_empty_space height=&#8221;30px&#8221;][vc_column_text]<div class=\"rl-gallery-container rl-loading\" id=\"rl-gallery-container-1\" data-gallery_id=\"2071\"> <div class=\"rl-gallery rl-basicgrid-gallery rl-hover-icon-2\" id=\"rl-gallery-1\" data-gallery_no=\"1\"> <div class=\"rl-gallery-item\"><a href=\"https:\/\/www.aiudulmeu.ro\/szabo\/wp-content\/uploads\/2022\/10\/SzaboJanos-csaladfa-v2web-anya-1.jpg\" title=\"\" data-rl_title=\"\" class=\"rl-gallery-link\" data-rl_caption=\"\" data-rel=\"lightbox-gallery-1\"><img loading=\"lazy\" decoding=\"async\" src=\"https:\/\/www.aiudulmeu.ro\/szabo\/wp-content\/uploads\/2022\/10\/SzaboJanos-csaladfa-v2web-anya-1.jpg\" width=\"1876\" height=\"1100\" alt=\"\" \/><span class=\"rl-gallery-caption\"><span class=\"rl-gallery-item-title\">Arborele genealogic al lui J\u00e1nos Szab\u00f3 din partea mamei sale<\/span><\/span><\/a><\/div><div class=\"rl-gallery-item\"><a href=\"https:\/\/www.aiudulmeu.ro\/szabo\/wp-content\/uploads\/2022\/10\/SzaboJanos-csaladfa-v2web-apa-1.jpg\" title=\"\" data-rl_title=\"\" class=\"rl-gallery-link\" data-rl_caption=\"\" data-rel=\"lightbox-gallery-1\"><img loading=\"lazy\" decoding=\"async\" src=\"https:\/\/www.aiudulmeu.ro\/szabo\/wp-content\/uploads\/2022\/10\/SzaboJanos-csaladfa-v2web-apa-1.jpg\" width=\"1876\" height=\"1100\" alt=\"\" \/><span class=\"rl-gallery-caption\"><span class=\"rl-gallery-item-title\">Arborele genealogic al lui J\u00e1nos Szab\u00f3 din partea tat\u0103lui s\u0103u<\/span><\/span><\/a><\/div> <\/div> <\/div>\n<p>[\/vc_column_text][vc_column_text]<div class=\"rl-gallery-container rl-loading\" id=\"rl-gallery-container-2\" data-gallery_id=\"2064\"> <div class=\"rl-gallery rl-basicgrid-gallery rl-hover-icon-2\" id=\"rl-gallery-2\" data-gallery_no=\"2\"> <div class=\"rl-gallery-item\"><a href=\"https:\/\/www.aiudulmeu.ro\/szabo\/wp-content\/uploads\/2022\/10\/SzaboJanos-csaladfa-v3web-1-scaled.jpg\" title=\"\" data-rl_title=\"\" class=\"rl-gallery-link\" data-rl_caption=\"\" data-rel=\"lightbox-gallery-2\"><img loading=\"lazy\" decoding=\"async\" src=\"https:\/\/www.aiudulmeu.ro\/szabo\/wp-content\/uploads\/2022\/10\/SzaboJanos-csaladfa-v3web-1-scaled.jpg\" width=\"2560\" height=\"817\" alt=\"\" \/><span class=\"rl-gallery-caption\"><span class=\"rl-gallery-item-title\">Arborele genealogic al lui J\u00e1nos Szab\u00f3<\/span><\/span><\/a><\/div> <\/div> <\/div>[\/vc_column_text][vc_empty_space height=&#8221;50px&#8221;][\/vc_column][\/vc_row]<\/p>\n<\/div>","protected":false},"excerpt":{"rendered":"<p>[vc_row content_placement=&#8221;top&#8221; fullwidth=&#8221;yes&#8221; parallax_bg=&#8221;true&#8221;][vc_column][vc_single_image image=&#8221;1178&#8243; img_size=&#8221;full&#8221; alignment=&#8221;center&#8221;][\/vc_column][\/vc_row][vc_row][vc_column][vc_column_text css=&#8221;.vc_custom_1667208355599{margin-top: 25px !important;margin-bottom: 25px !important;}&#8221;] Szab\u00f3 J\u00e1nos (1914\u20132008) J\u00e1nos Szab\u00f3, nea Jancsi, a fost cet\u0103\u021bean al urbei Nagyenyed\u2013Aiud. Era fiul lui \u00c1rp\u00e1d Szab\u00f3, fost profesor la Colegiul Bethlen, decedat pe front, la Uzsok (Ujoc, localitate \u00een Ucraina Transcarpatic\u0103), \u00een 1914, dup\u0103 o scurt\u0103 carier\u0103 didactic\u0103. \u00cenainte de a [&hellip;]<\/p>\n","protected":false},"author":1,"featured_media":0,"parent":0,"menu_order":0,"comment_status":"closed","ping_status":"closed","template":"page-templates\/template-trans.php","meta":{"footnotes":""},"class_list":["post-2060","page","type-page","status-publish","hentry"],"yoast_head":"<!-- This site is optimized with the Yoast SEO plugin v27.4 - https:\/\/yoast.com\/product\/yoast-seo-wordpress\/ -->\n<title>Despre artist - Szab\u00f3 J\u00e1nos fot\u00f3m\u0171v\u00e9sz<\/title>\n<meta name=\"robots\" content=\"index, follow, max-snippet:-1, max-image-preview:large, max-video-preview:-1\" \/>\n<link rel=\"canonical\" href=\"https:\/\/www.aiudulmeu.ro\/szabo\/ro\/despre-artist\/\" \/>\n<meta property=\"og:locale\" content=\"en_US\" \/>\n<meta property=\"og:type\" content=\"article\" \/>\n<meta property=\"og:title\" content=\"Szab\u00f3 J\u00e1nos fot\u00f3m\u0171v\u00e9sz\" \/>\n<meta property=\"og:description\" content=\"[vc_row content_placement=&#8221;top&#8221; fullwidth=&#8221;yes&#8221; parallax_bg=&#8221;true&#8221;][vc_column][vc_single_image image=&#8221;1178&#8243; img_size=&#8221;full&#8221; alignment=&#8221;center&#8221;][\/vc_column][\/vc_row][vc_row][vc_column][vc_column_text css=&#8221;.vc_custom_1667208355599{margin-top: 25px !important;margin-bottom: 25px !important;}&#8221;] Szab\u00f3 J\u00e1nos (1914\u20132008) J\u00e1nos Szab\u00f3, nea Jancsi, a fost cet\u0103\u021bean al urbei Nagyenyed\u2013Aiud. Era fiul lui \u00c1rp\u00e1d Szab\u00f3, fost profesor la Colegiul Bethlen, decedat pe front, la Uzsok (Ujoc, localitate \u00een Ucraina Transcarpatic\u0103), \u00een 1914, dup\u0103 o scurt\u0103 carier\u0103 didactic\u0103. \u00cenainte de a [&hellip;]\" \/>\n<meta property=\"og:url\" content=\"https:\/\/www.aiudulmeu.ro\/szabo\/ro\/despre-artist\/\" \/>\n<meta property=\"og:site_name\" content=\"Szab\u00f3 J\u00e1nos fot\u00f3m\u0171v\u00e9sz\" \/>\n<meta property=\"article:modified_time\" content=\"2023-09-20T07:28:29+00:00\" \/>\n<meta property=\"og:image\" content=\"https:\/\/www.aiudulmeu.ro\/szabo\/wp-content\/uploads\/2022\/10\/muveszrol-fb.jpg\" \/>\n\t<meta property=\"og:image:width\" content=\"768\" \/>\n\t<meta property=\"og:image:height\" content=\"469\" \/>\n\t<meta property=\"og:image:type\" content=\"image\/jpeg\" \/>\n<meta name=\"twitter:card\" content=\"summary_large_image\" \/>\n<meta name=\"twitter:image\" content=\"https:\/\/www.aiudulmeu.ro\/szabo\/wp-content\/uploads\/2022\/10\/muveszrol-fb.jpg\" \/>\n<meta name=\"twitter:label1\" content=\"Est. reading time\" \/>\n\t<meta name=\"twitter:data1\" content=\"2 minutes\" \/>\n<script type=\"application\/ld+json\" class=\"yoast-schema-graph\">{\"@context\":\"https:\\\/\\\/schema.org\",\"@graph\":[{\"@type\":\"WebPage\",\"@id\":\"https:\\\/\\\/www.aiudulmeu.ro\\\/szabo\\\/ro\\\/despre-artist\\\/\",\"url\":\"https:\\\/\\\/www.aiudulmeu.ro\\\/szabo\\\/ro\\\/despre-artist\\\/\",\"name\":\"Despre artist - Szab\u00f3 J\u00e1nos fot\u00f3m\u0171v\u00e9sz\",\"isPartOf\":{\"@id\":\"https:\\\/\\\/www.aiudulmeu.ro\\\/szabo\\\/#website\"},\"primaryImageOfPage\":{\"@id\":\"https:\\\/\\\/www.aiudulmeu.ro\\\/szabo\\\/ro\\\/despre-artist\\\/#primaryimage\"},\"image\":{\"@id\":\"https:\\\/\\\/www.aiudulmeu.ro\\\/szabo\\\/ro\\\/despre-artist\\\/#primaryimage\"},\"thumbnailUrl\":\"https:\\\/\\\/www.aiudulmeu.ro\\\/szabo\\\/wp-content\\\/uploads\\\/2020\\\/12\\\/aiud-nagyenyed-szabo-janos-150x150.jpg\",\"datePublished\":\"2022-10-31T09:05:14+00:00\",\"dateModified\":\"2023-09-20T07:28:29+00:00\",\"breadcrumb\":{\"@id\":\"https:\\\/\\\/www.aiudulmeu.ro\\\/szabo\\\/ro\\\/despre-artist\\\/#breadcrumb\"},\"inLanguage\":\"en-US\",\"potentialAction\":[{\"@type\":\"ReadAction\",\"target\":[\"https:\\\/\\\/www.aiudulmeu.ro\\\/szabo\\\/ro\\\/despre-artist\\\/\"]}]},{\"@type\":\"ImageObject\",\"inLanguage\":\"en-US\",\"@id\":\"https:\\\/\\\/www.aiudulmeu.ro\\\/szabo\\\/ro\\\/despre-artist\\\/#primaryimage\",\"url\":\"https:\\\/\\\/www.aiudulmeu.ro\\\/szabo\\\/wp-content\\\/uploads\\\/2020\\\/12\\\/aiud-nagyenyed-szabo-janos.jpg\",\"contentUrl\":\"https:\\\/\\\/www.aiudulmeu.ro\\\/szabo\\\/wp-content\\\/uploads\\\/2020\\\/12\\\/aiud-nagyenyed-szabo-janos.jpg\",\"width\":600,\"height\":600,\"caption\":\"Szab\u00f3 J\u00e1nos\"},{\"@type\":\"BreadcrumbList\",\"@id\":\"https:\\\/\\\/www.aiudulmeu.ro\\\/szabo\\\/ro\\\/despre-artist\\\/#breadcrumb\",\"itemListElement\":[{\"@type\":\"ListItem\",\"position\":1,\"name\":\"Home\",\"item\":\"https:\\\/\\\/www.aiudulmeu.ro\\\/szabo\\\/\"},{\"@type\":\"ListItem\",\"position\":2,\"name\":\"Despre artist\"}]},{\"@type\":\"WebSite\",\"@id\":\"https:\\\/\\\/www.aiudulmeu.ro\\\/szabo\\\/#website\",\"url\":\"https:\\\/\\\/www.aiudulmeu.ro\\\/szabo\\\/\",\"name\":\"Szab\u00f3 J\u00e1nos fot\u00f3m\u0171v\u00e9sz\",\"description\":\"nagyenyedi fot\u00f3m\u0171v\u00e9sz\",\"potentialAction\":[{\"@type\":\"SearchAction\",\"target\":{\"@type\":\"EntryPoint\",\"urlTemplate\":\"https:\\\/\\\/www.aiudulmeu.ro\\\/szabo\\\/?s={search_term_string}\"},\"query-input\":{\"@type\":\"PropertyValueSpecification\",\"valueRequired\":true,\"valueName\":\"search_term_string\"}}],\"inLanguage\":\"en-US\"}]}<\/script>\n<!-- \/ Yoast SEO plugin. -->","yoast_head_json":{"title":"Despre artist - Szab\u00f3 J\u00e1nos fot\u00f3m\u0171v\u00e9sz","robots":{"index":"index","follow":"follow","max-snippet":"max-snippet:-1","max-image-preview":"max-image-preview:large","max-video-preview":"max-video-preview:-1"},"canonical":"https:\/\/www.aiudulmeu.ro\/szabo\/ro\/despre-artist\/","og_locale":"en_US","og_type":"article","og_title":"Szab\u00f3 J\u00e1nos fot\u00f3m\u0171v\u00e9sz","og_description":"[vc_row content_placement=&#8221;top&#8221; fullwidth=&#8221;yes&#8221; parallax_bg=&#8221;true&#8221;][vc_column][vc_single_image image=&#8221;1178&#8243; img_size=&#8221;full&#8221; alignment=&#8221;center&#8221;][\/vc_column][\/vc_row][vc_row][vc_column][vc_column_text css=&#8221;.vc_custom_1667208355599{margin-top: 25px !important;margin-bottom: 25px !important;}&#8221;] Szab\u00f3 J\u00e1nos (1914\u20132008) J\u00e1nos Szab\u00f3, nea Jancsi, a fost cet\u0103\u021bean al urbei Nagyenyed\u2013Aiud. Era fiul lui \u00c1rp\u00e1d Szab\u00f3, fost profesor la Colegiul Bethlen, decedat pe front, la Uzsok (Ujoc, localitate \u00een Ucraina Transcarpatic\u0103), \u00een 1914, dup\u0103 o scurt\u0103 carier\u0103 didactic\u0103. \u00cenainte de a [&hellip;]","og_url":"https:\/\/www.aiudulmeu.ro\/szabo\/ro\/despre-artist\/","og_site_name":"Szab\u00f3 J\u00e1nos fot\u00f3m\u0171v\u00e9sz","article_modified_time":"2023-09-20T07:28:29+00:00","og_image":[{"width":768,"height":469,"url":"https:\/\/www.aiudulmeu.ro\/szabo\/wp-content\/uploads\/2022\/10\/muveszrol-fb.jpg","type":"image\/jpeg"}],"twitter_card":"summary_large_image","twitter_image":"https:\/\/www.aiudulmeu.ro\/szabo\/wp-content\/uploads\/2022\/10\/muveszrol-fb.jpg","twitter_misc":{"Est. reading time":"2 minutes"},"schema":{"@context":"https:\/\/schema.org","@graph":[{"@type":"WebPage","@id":"https:\/\/www.aiudulmeu.ro\/szabo\/ro\/despre-artist\/","url":"https:\/\/www.aiudulmeu.ro\/szabo\/ro\/despre-artist\/","name":"Despre artist - Szab\u00f3 J\u00e1nos fot\u00f3m\u0171v\u00e9sz","isPartOf":{"@id":"https:\/\/www.aiudulmeu.ro\/szabo\/#website"},"primaryImageOfPage":{"@id":"https:\/\/www.aiudulmeu.ro\/szabo\/ro\/despre-artist\/#primaryimage"},"image":{"@id":"https:\/\/www.aiudulmeu.ro\/szabo\/ro\/despre-artist\/#primaryimage"},"thumbnailUrl":"https:\/\/www.aiudulmeu.ro\/szabo\/wp-content\/uploads\/2020\/12\/aiud-nagyenyed-szabo-janos-150x150.jpg","datePublished":"2022-10-31T09:05:14+00:00","dateModified":"2023-09-20T07:28:29+00:00","breadcrumb":{"@id":"https:\/\/www.aiudulmeu.ro\/szabo\/ro\/despre-artist\/#breadcrumb"},"inLanguage":"en-US","potentialAction":[{"@type":"ReadAction","target":["https:\/\/www.aiudulmeu.ro\/szabo\/ro\/despre-artist\/"]}]},{"@type":"ImageObject","inLanguage":"en-US","@id":"https:\/\/www.aiudulmeu.ro\/szabo\/ro\/despre-artist\/#primaryimage","url":"https:\/\/www.aiudulmeu.ro\/szabo\/wp-content\/uploads\/2020\/12\/aiud-nagyenyed-szabo-janos.jpg","contentUrl":"https:\/\/www.aiudulmeu.ro\/szabo\/wp-content\/uploads\/2020\/12\/aiud-nagyenyed-szabo-janos.jpg","width":600,"height":600,"caption":"Szab\u00f3 J\u00e1nos"},{"@type":"BreadcrumbList","@id":"https:\/\/www.aiudulmeu.ro\/szabo\/ro\/despre-artist\/#breadcrumb","itemListElement":[{"@type":"ListItem","position":1,"name":"Home","item":"https:\/\/www.aiudulmeu.ro\/szabo\/"},{"@type":"ListItem","position":2,"name":"Despre artist"}]},{"@type":"WebSite","@id":"https:\/\/www.aiudulmeu.ro\/szabo\/#website","url":"https:\/\/www.aiudulmeu.ro\/szabo\/","name":"Szab\u00f3 J\u00e1nos fot\u00f3m\u0171v\u00e9sz","description":"nagyenyedi fot\u00f3m\u0171v\u00e9sz","potentialAction":[{"@type":"SearchAction","target":{"@type":"EntryPoint","urlTemplate":"https:\/\/www.aiudulmeu.ro\/szabo\/?s={search_term_string}"},"query-input":{"@type":"PropertyValueSpecification","valueRequired":true,"valueName":"search_term_string"}}],"inLanguage":"en-US"}]}},"_links":{"self":[{"href":"https:\/\/www.aiudulmeu.ro\/szabo\/wp-json\/wp\/v2\/pages\/2060","targetHints":{"allow":["GET"]}}],"collection":[{"href":"https:\/\/www.aiudulmeu.ro\/szabo\/wp-json\/wp\/v2\/pages"}],"about":[{"href":"https:\/\/www.aiudulmeu.ro\/szabo\/wp-json\/wp\/v2\/types\/page"}],"author":[{"embeddable":true,"href":"https:\/\/www.aiudulmeu.ro\/szabo\/wp-json\/wp\/v2\/users\/1"}],"replies":[{"embeddable":true,"href":"https:\/\/www.aiudulmeu.ro\/szabo\/wp-json\/wp\/v2\/comments?post=2060"}],"version-history":[{"count":7,"href":"https:\/\/www.aiudulmeu.ro\/szabo\/wp-json\/wp\/v2\/pages\/2060\/revisions"}],"predecessor-version":[{"id":2226,"href":"https:\/\/www.aiudulmeu.ro\/szabo\/wp-json\/wp\/v2\/pages\/2060\/revisions\/2226"}],"wp:attachment":[{"href":"https:\/\/www.aiudulmeu.ro\/szabo\/wp-json\/wp\/v2\/media?parent=2060"}],"curies":[{"name":"wp","href":"https:\/\/api.w.org\/{rel}","templated":true}]}}