{"id":2143,"date":"2023-09-15T08:05:37","date_gmt":"2023-09-15T08:05:37","guid":{"rendered":"https:\/\/www.aiudulmeu.ro\/szabo\/?page_id=2143"},"modified":"2023-09-20T11:51:09","modified_gmt":"2023-09-20T11:51:09","slug":"mostenirea-fotografica","status":"publish","type":"page","link":"https:\/\/www.aiudulmeu.ro\/szabo\/ro\/mostenirea-fotografica\/","title":{"rendered":"Mo\u0219tenirea fotografic\u0103"},"content":{"rendered":"<div class=\"wpb-content-wrapper\"><p>[vc_row content_placement=&#8221;top&#8221; fullwidth=&#8221;yes&#8221; parallax_bg=&#8221;true&#8221;][vc_column][vc_single_image image=&#8221;1174&#8243; img_size=&#8221;full&#8221;][\/vc_column][\/vc_row][vc_row][vc_column offset=&#8221;vc_col-md-12&#8243;]\n    <h2 class=\"text-left\" >Mo\u0219tenirea fotografic\u0103<\/h2>\n    \t    <div class=\"wprt-lines style-1 custom-3\">\n\t        <div class=\"line-1\"><\/div>\n\t    <\/div>\n    \n        \t\n[vc_empty_space height=&#8221;50px&#8221;][vc_column_text css=&#8221;.vc_custom_1695210667981{margin-top: 25px !important;margin-bottom: 25px !important;}&#8221;]<span class=\"HwtZe\" lang=\"ro\"><span class=\"jCAhz ChMk0b\"><span class=\"ryNqvb\"><img loading=\"lazy\" decoding=\"async\" class=\"alignright size-medium wp-image-2171\" src=\"https:\/\/www.aiudulmeu.ro\/szabo\/wp-content\/uploads\/2023\/09\/szabo-bgdk-1-ro-300x300.jpg\" alt=\"\" width=\"300\" height=\"300\" srcset=\"https:\/\/www.aiudulmeu.ro\/szabo\/wp-content\/uploads\/2023\/09\/szabo-bgdk-1-ro-300x300.jpg 300w, https:\/\/www.aiudulmeu.ro\/szabo\/wp-content\/uploads\/2023\/09\/szabo-bgdk-1-ro-150x150.jpg 150w, https:\/\/www.aiudulmeu.ro\/szabo\/wp-content\/uploads\/2023\/09\/szabo-bgdk-1-ro.jpg 600w\" sizes=\"auto, (max-width: 300px) 100vw, 300px\" \/><\/span><\/span><span class=\"jCAhz ChMk0b\"><span class=\"ryNqvb\">O mic\u0103 parte din mo\u0219tenirea fotografic\u0103 a lui\u00a0 J\u00e1nos Szab\u00f3 se afl\u0103 \u00een prezent \u00een Biblioteca Documentar\u0103 Bethlen G\u00e1bor din Aiud. Dou\u0103 albume con\u021bin negativele fotografiilor pe care le-a f\u0103cut. Cu excep\u021bia c\u00e2torva copii mari, acestea nu au fost p\u0103strate sub form\u0103 tip\u0103rit\u0103. Acum public\u0103m o selec\u021bie din aceste negative, care vor oferi o privire \u00een via\u021ba de zi cu zi a unui t\u00e2n\u0103r din Aiud \u00eentre 1932 \u0219i 1939. Celelalte fotografii \u0219i negative ale sale se afl\u0103 \u00een prezent \u00een proprietate privat\u0103. Vrem s\u0103 exprim\u0103m recuno\u0219tin\u021ba noastr\u0103 fa\u021b\u0103 de Maxim Enik\u0151, care a adus negativele, \u0219i fa\u021b\u0103 de regretatele Marx \u00c1gnes \u0219i Marx M\u00e1rta, care le-au donat bibliotecii. \u00cencuraj\u0103m pe toat\u0103 lumea s\u0103 ne \u00eencredin\u021beze aceste fotografii \u0219i documente vechi, deoarece acest lucru va permite p\u0103strarea lor pentru genera\u021biile viitoare prin stocare \u0219i procesare corespunz\u0103toare. Nu \u00een ultimul r\u00e2nd, ele devin comori publice, valori de care fiecare locuitor actual \u0219i fost al aiudului poate fi cu \u00a0m\u00e2ndru.<\/span><\/span><\/span><\/p>\n<p><span class=\"HwtZe\" lang=\"ro\"><span class=\"jCAhz ChMk0b\"><span class=\"ryNqvb\">Am \u00eencercat s\u0103 select\u0103m fotografii care, pe l\u00e2ng\u0103 valoarea lor istoric\u0103 \u0219i informativ\u0103, reflect\u0103 \u0219i atmosfera timpului respectiv. Pe acest site, am publicat o selec\u021bie de fotografii din Aiud \u0219i din jude\u021bul Alba. \u00cen paralel, cu finan\u021bare de la Consiliul Jude\u021bean Alba, a fost publicat \u0219i un catalog tip\u0103rit cu fotografiile lui\u00a0 J\u00e1nos Szab\u00f3, care include \u0219i imaginile realizate \u00een Transilvania, Bucure\u0219ti \u0219i Viena (Gord\u00e1n Edina: <em>Chipuri din trecut. Selec\u021bie din mo\u0219tenirea fotografic\u0103 a lui Szab\u00f3 J\u00e1nos<\/em>. Cluj-Napoca, Editura Mega, 2023). Am reu\u0219it s\u0103 identific\u0103m numeroase familii\u00a0 din Aiud, iar altele a\u0219teapt\u0103 \u00eenc\u0103 s\u0103 fie identificate. Dac\u0103 recunoa\u0219te\u021bi pe cineva, v\u0103 rug\u0103m s\u0103 ne anun\u021ba\u021bi.\u00a0 J\u00e1nos Szab\u00f3 a fotografiat \u00een principal membrii familiei \u0219i prietenii s\u0103i, dar poate fi considerat \u0219i un precursor timpuriu al fotografiei de strad\u0103. Fotografiile sale au fost realizate \u00een mare parte \u00een mijlocul anilor 1930, astfel \u00eenc\u00e2t putem urm\u0103ri locurile sale din tinere\u021be \u0219i op\u021biunile de distrac\u021bie ale vremii. Acestea includ plimb\u0103rile de duminic\u0103 dup\u0103-amiaz\u0103, tenisul, \u00eenotul, excursiile, patinajul, diverse evenimente sportive \u0219i spectacole de teatru. Prima sa fotografie a fost realizat\u0103 \u00een 1932 \u00een timpul unei excursii \u00een apropierea Vienei. Prima sa camer\u0103 foto nu a supravie\u021buit, iar tipul acesteia nu este cunoscut. Negativele p\u0103strate au apar\u021binut unui film format 127.<\/span><\/span><\/span><\/p>\n<p><span class=\"HwtZe\" lang=\"ro\"><span class=\"jCAhz ChMk0b\"><span class=\"ryNqvb\"><img loading=\"lazy\" decoding=\"async\" class=\"alignleft size-medium wp-image-2172\" src=\"https:\/\/www.aiudulmeu.ro\/szabo\/wp-content\/uploads\/2023\/09\/szabo-bgdk-2-ro-300x300.jpg\" alt=\"\" width=\"300\" height=\"300\" srcset=\"https:\/\/www.aiudulmeu.ro\/szabo\/wp-content\/uploads\/2023\/09\/szabo-bgdk-2-ro-300x300.jpg 300w, https:\/\/www.aiudulmeu.ro\/szabo\/wp-content\/uploads\/2023\/09\/szabo-bgdk-2-ro-150x150.jpg 150w, https:\/\/www.aiudulmeu.ro\/szabo\/wp-content\/uploads\/2023\/09\/szabo-bgdk-2-ro.jpg 600w\" sizes=\"auto, (max-width: 300px) 100vw, 300px\" \/><\/span><\/span><span class=\"jCAhz ChMk0b\"><span class=\"ryNqvb\">\u00cen anii treizeci, fotografia amatoristic\u0103 a \u00eenceput s\u0103 c\u00e2\u0219tige teren, ceea ce a dus la cre\u0219terea expozi\u021biilor de fotografie.\u00a0 Si-a ar\u0103tat talentul la mai multe astfel de expozi\u021bii amatoare. Prima sa apari\u021bie cunoscut\u0103 a fost la o expozi\u021bie de fotografie amatoare care a avut loc la 9 iunie 1934, organizat\u0103 de Sec\u021bia de Fotografie a Asocia\u021biei Carpa\u021bilor Transilvani \u0219i magazinul de fotografie Kov\u00e1cs P. Fiai. Aici, \u00eempreun\u0103 cu prietenul s\u0103u Marx J\u00f3zsef, a primit un certificat de merit \u00een categoria de imagini artistice cu subiect liber. La 13 octombrie 1934, a participat la evenimentul de fotografie al expozi\u021biei agricole, industriale, turistice \u0219i de arte plastice din Satu Mare, unde a primit un certificat de recunoa\u0219tere. La 4 decembrie 1935, a avut loc a treia expozi\u021bie de fotografie amatoare a filialei Marossz\u00e9k a Asocia\u021biei Carpa\u021bilor Transilvani, la care\u00a0 J\u00e1nos Szab\u00f3 a ob\u021binut locul \u00eent\u00e2i \u00een categoria de portrete pentru portretul unui b\u0103rbat care fuma.<\/span><\/span><\/span><\/p>\n<p>El a capturat numeroase evenimente istorice pe fotografiile sale. Mai jos, v\u0103 vom prezenta c\u00e2teva dintre acestea. La 21 august 1932, a avut loc la Aiud ,Concursul de C\u00e2ntece al Asocia\u021biei Corale Maghiare din Rom\u00e2nia, la care au participat 23 de coruri. Dup\u0103 serviciul religios de deschidere, corurile au defilat \u00een costume populare \u0219i sub steaguri de la Casa de Cultur\u0103 a Industria\u0219ilor c\u0103tre Prim\u0103ria ora\u0219ului, unde primarul, dr. Albini Aurel, \u0219i pre\u0219edintele Asocia\u021biei Corale, Incz\u00e9dy-Joksman \u00d6d\u00f6n, au \u021binut discursuri de salut. Aceast\u0103 parad\u0103 festiv\u0103 a fost imortalizat\u0103 de\u00a0 J\u00e1nos Szab\u00f3.<\/p>\n<p>El a realizat fotografii de la \u00eenmorm\u00e2ntarea lui J\u00e1rai Istv\u00e1n. J\u00e1rai Istv\u00e1n a fost directorul Colegiului Reformat Bethlen din Aiud \u0219i a trecut la cele ve\u0219nice la 18 mai 1933 \u00eentr-un sanatoriu din Budapesta. R\u0103m\u0103\u0219i\u021bele sale p\u0103m\u00e2nte\u0219ti au fost aduse acas\u0103 la Aiud cu trenul, iar de la gara\u00a0 la cimitir, un num\u0103r mare de persoane \u00een doliu l-au \u00eenso\u021bit \u00een c\u0103l\u0103toria sa final\u0103.<\/p>\n<p>A participat de dou\u0103 ori la cursele de ma\u0219ini \u0219i motociclete organizate de Clubul Regal Rom\u00e2n de Automobile pe V\u00e2rful F\u0103g\u0103ra\u0219ului, care au avut loc la 2 septembrie 1934 \u0219i 5 octombrie 1935. A fotografiat \u00een mod deosebit participan\u021bii la curse \u0219i a \u00eenregistrat timpii par\u021biali ai acestora.<\/p>\n<p><span class=\"HwtZe\" lang=\"ro\"><span class=\"jCAhz ChMk0b\"><span class=\"ryNqvb\"><img loading=\"lazy\" decoding=\"async\" class=\"alignright size-medium wp-image-2173\" src=\"https:\/\/www.aiudulmeu.ro\/szabo\/wp-content\/uploads\/2023\/09\/szabo-bgdk-3-ro-300x300.jpg\" alt=\"\" width=\"300\" height=\"300\" srcset=\"https:\/\/www.aiudulmeu.ro\/szabo\/wp-content\/uploads\/2023\/09\/szabo-bgdk-3-ro-300x300.jpg 300w, https:\/\/www.aiudulmeu.ro\/szabo\/wp-content\/uploads\/2023\/09\/szabo-bgdk-3-ro-150x150.jpg 150w, https:\/\/www.aiudulmeu.ro\/szabo\/wp-content\/uploads\/2023\/09\/szabo-bgdk-3-ro.jpg 600w\" sizes=\"auto, (max-width: 300px) 100vw, 300px\" \/><\/span><\/span><span class=\"jCAhz ChMk0b\"><span class=\"ryNqvb\">Multe dintre fotografiile sale sunt acum considerate documente de epoc\u0103. A imortalizat Biserica Reformat\u0103 din Benic atunci c\u00e2nd \u00eenc\u0103 avea acoperi\u0219. Pe cele mai cunoscute imagini existente, biserica este vizibil\u0103 doar \u00een stare ruinat\u0103. \u00cen fotografiile sale, putem observa numeroase panouri publicitare, ceea ce ne permite s\u0103 reconstruim via\u021ba economic\u0103 a vremii. Fotografiile sale cu conota\u021bii etnografice sunt deosebit de importante. A imortalizat gospod\u0103riile tradi\u021bionale din Mir\u0103sl\u0103u \u0219i Galda de Jos, care au disp\u0103rut complet \u00een zilele noastre. \u00cen multe dintre fotografiile sale, putem vedea costumele tradi\u021bionale locale de zi cu zi, dintre care majoritatea au fost date uit\u0103rii. Un element deosebit \u00eel constituie fotografiile t\u00e2rgului din Pia\u021ba Mare din Aiud, \u00een care putem vedea at\u00e2t comercian\u021bii c\u00e2t \u0219i cump\u0103r\u0103torii \u00eembr\u0103ca\u021bi \u00een costume tradi\u021bionale. Toate acestea ascund \u00een ele posibilit\u0103\u021bi de cercetare suplimentare, \u0219i sper\u0103m c\u0103 am st\u00e2rnit interesul viitorilor cercet\u0103tori.<\/span><\/span><\/span><\/p>\n<p>Edina Gord\u00e1n, bibliotecar\u0103<br \/>\n<em>Biblioteca Documentar\u0103 Bethlen G\u00e1bor, Aiud<\/em><\/p>\n<p><span style=\"font-size: 80%;\"><em>traducere: Zolt\u00e1n Balog<\/em><\/span>[\/vc_column_text][vc_separator css=&#8221;.vc_custom_1667053487692{padding-top: 30px !important;padding-bottom: 30px !important;}&#8221; el_id=&#8221;ambrus&#8221;]\n    <h4 class=\"text-left\" >Resurse folosite<\/h4>\n    \n        \t\n[vc_column_text css=&#8221;.vc_custom_1694766351299{margin-top: 25px !important;margin-bottom: 25px !important;}&#8221;]<em>A L\u00e1z\u00e1r csal\u00e1d. Besz\u00e1mol\u00f3 egy nagyenyedi polg\u00e1rcsal\u00e1dr\u00f3l.<\/em> \u00d6ssze\u00e1ll. Szab\u00f3 Jancsi, 2003. <span class=\"HwtZe\" lang=\"ro\"><span class=\"jCAhz ChMk0b\"><span class=\"ryNqvb\">Manuscris.<br \/>\n<\/span><\/span><\/span>Szab\u00f3 J\u00e1nos: <em>A sz\u0151l\u0151k term\u00e9s\u00e9nek \u00e9rt\u00e9kes\u00edt\u00e9s\u00e9r\u0151l. \u201eA sz\u0151l\u0151termeszt\u00e9sb\u0151l neh\u00e9z meg\u00e9lni, viszont meg lehet gazdagodni bel\u0151le.\u201d<\/em>\u00a0 2005. <span class=\"HwtZe\" lang=\"ro\"><span class=\"jCAhz ChMk0b\"><span class=\"ryNqvb\">Manuscris.<br \/>\n<\/span><\/span><\/span>Winkler J\u00e1nos (1852-1921) napl\u00f3ja. <span class=\"HwtZe\" lang=\"ro\"><span class=\"jCAhz ChMk0b\"><span class=\"ryNqvb\">Manuscris, d<\/span><\/span><span class=\"jCAhz ChMk0b\"><span class=\"ryNqvb\">e\u021binut de sen. Zolt\u00e1n L\u0151rincz \u0219i Gertrud.<br \/>\n<\/span><\/span><\/span>*<br \/>\n<em>A Nagyenyedi Reform\u00e1tus Bethlen-Koll\u00e9gium \u2013 F\u0151gimn\u00e1zium, Tan\u00edt\u00f3k\u00e9pz\u0151-Int\u00e9zet \u00e9s Polg\u00e1ri Le\u00e1nyiskola- \u00e9rtes\u00edt\u00f3je az 1924\/25-ik iskolai \u00e9vr\u0151l<\/em>, Aiud, Ligner, 1925.<br \/>\n<em>A Nagyenyedi Reform\u00e1tus Bethlen-Koll\u00e9gium \u2013 F\u0151gimn\u00e1zium, Tan\u00edt\u00f3k\u00e9pz\u0151-Int\u00e9zet \u00e9s Polg\u00e1ri Le\u00e1nyiskola- \u00e9rtes\u00edt\u00f3je az 1925\/26-ik iskolai \u00e9vr\u0151l<\/em>, Aiud, Ligner, 1926.<br \/>\nR\u00e1cz Levente: <em>Elment a nagyenyedi polg\u00e1r.<\/em> In: Szabads\u00e1g 2008. 02. 19. <a href=\"http:\/\/archivum2.szabadsag.ro\/szabadsag\/servlet\/szabadsag\/template\/article%2CPArticleScreen.vm\/id\/6567\" target=\"_blank\" rel=\"noopener\">http:\/\/archivum2.szabadsag.ro\/szabadsag\/servlet\/szabadsag\/template\/article%2CPArticleScreen.vm\/id\/6567<\/a> [utols\u00f3 let\u00f6lt\u00e9s: 2023. 01. 19.]<br \/>\nAz \u00dajs\u00e1g, Budapest <span class=\"HwtZe\" lang=\"ro\"><span class=\"jCAhz ChMk0b\"><span class=\"ryNqvb\"> (Volumul 11) 1 octombrie 1935, Nr. 223<br \/>\n<\/span><\/span><\/span>Brass\u00f3i Lapok, Brass\u00f3 <span class=\"HwtZe\" lang=\"ro\"><span class=\"jCAhz ChMk0b\"><span class=\"ryNqvb\">(Volum XXLI, num\u0103rul 278) 4 decembrie 1935.<br \/>\n<\/span><\/span><\/span>Ellenz\u00e9k, Kolozsv\u00e1r <span class=\"HwtZe\" lang=\"ro\"><span class=\"jCAhz ChMk0b\"><span class=\"ryNqvb\">(Vol. LV., nr. 235) 13 octombrie 1934.<br \/>\n<\/span><\/span><\/span>Ellenz\u00e9k, Kolozsv\u00e1r <span class=\"HwtZe\" lang=\"ro\"><span class=\"jCAhz ChMk0b\"><span class=\"ryNqvb\">(Vol. LVI, Nr. 228) 4 octombrie 1935.<br \/>\n<\/span><\/span><\/span>Erd\u00e9lyi Lapok <span class=\"HwtZe\" lang=\"ro\"><span class=\"jCAhz ChMk0b\"><span class=\"ryNqvb\">(Vol. II, Nr. 116) 24 mai 1933.<br \/>\n<\/span><\/span><\/span>Erd\u00e9lyi Lapok <span class=\"HwtZe\" lang=\"ro\"><span class=\"jCAhz ChMk0b\"><span class=\"ryNqvb\">(Vol. III, Nr. 182) 4 septembrie 1934.<br \/>\n<\/span><\/span><\/span>Keleti \u00dajs\u00e1g, Kolozsv\u00e1r <span class=\"HwtZe\" lang=\"ro\"><span class=\"jCAhz ChMk0b\"><span class=\"ryNqvb\"> (Vol. 15, Nr. 183), 12 august 1932.<br \/>\n<\/span><\/span><\/span>Keleti \u00dajs\u00e1g, Kolozsv\u00e1r <span class=\"HwtZe\" lang=\"ro\"><span class=\"jCAhz ChMk0b\"><span class=\"ryNqvb\">(Vol. 15, Nr. 192), 24 august 1932.<br \/>\n<\/span><\/span><\/span>Keleti \u00dajs\u00e1g, Kolozsv\u00e1r <span class=\"HwtZe\" lang=\"ro\"><span class=\"jCAhz ChMk0b\"><span class=\"ryNqvb\">(Vol. XVII, Nr. 128) 11 iunie 1934.<br \/>\n<\/span><\/span><\/span>Keleti \u00dajs\u00e1g, Kolozsv\u00e1r <span class=\"HwtZe\" lang=\"ro\"><span class=\"jCAhz ChMk0b\"><span class=\"ryNqvb\">(Vol. 18\/Nr. 228) 5 octombrie 1935.<br \/>\n<\/span><\/span><\/span>Keleti \u00dajs\u00e1g, Kolozsv\u00e1r\u00a0 <span class=\"HwtZe\" lang=\"ro\"><span class=\"jCAhz ChMk0b\"><span class=\"ryNqvb\">(Vol. 18\/Nr. 231) 9 octombrie 1935.<\/span><\/span><\/span>[\/vc_column_text][vc_empty_space height=&#8221;50px&#8221;][\/vc_column][\/vc_row][vc_row][vc_column][\/vc_column][\/vc_row]<\/p>\n<\/div>","protected":false},"excerpt":{"rendered":"<p>[vc_row content_placement=&#8221;top&#8221; fullwidth=&#8221;yes&#8221; parallax_bg=&#8221;true&#8221;][vc_column][vc_single_image image=&#8221;1174&#8243; img_size=&#8221;full&#8221;][\/vc_column][\/vc_row][vc_row][vc_column offset=&#8221;vc_col-md-12&#8243;][vc_empty_space height=&#8221;50px&#8221;][vc_column_text css=&#8221;.vc_custom_1695210667981{margin-top: 25px !important;margin-bottom: 25px !important;}&#8221;]O mic\u0103 parte din mo\u0219tenirea fotografic\u0103 a lui\u00a0 J\u00e1nos Szab\u00f3 se afl\u0103 \u00een prezent \u00een Biblioteca Documentar\u0103 Bethlen G\u00e1bor din Aiud. Dou\u0103 albume con\u021bin negativele fotografiilor pe care le-a f\u0103cut. Cu excep\u021bia c\u00e2torva copii mari, acestea nu au fost p\u0103strate sub form\u0103 tip\u0103rit\u0103. [&hellip;]<\/p>\n","protected":false},"author":1,"featured_media":0,"parent":0,"menu_order":0,"comment_status":"closed","ping_status":"closed","template":"page-templates\/template-trans.php","meta":{"footnotes":""},"class_list":["post-2143","page","type-page","status-publish","hentry"],"yoast_head":"<!-- This site is optimized with the Yoast SEO plugin v27.4 - https:\/\/yoast.com\/product\/yoast-seo-wordpress\/ -->\n<title>Mo\u0219tenirea fotografic\u0103 - Szab\u00f3 J\u00e1nos fot\u00f3m\u0171v\u00e9sz<\/title>\n<meta name=\"robots\" content=\"index, follow, max-snippet:-1, max-image-preview:large, max-video-preview:-1\" \/>\n<link rel=\"canonical\" href=\"https:\/\/www.aiudulmeu.ro\/szabo\/ro\/mostenirea-fotografica\/\" \/>\n<meta property=\"og:locale\" content=\"en_US\" \/>\n<meta property=\"og:type\" content=\"article\" \/>\n<meta property=\"og:title\" content=\"Szab\u00f3 J\u00e1nos fot\u00f3m\u0171v\u00e9sz\" \/>\n<meta property=\"og:description\" content=\"[vc_row content_placement=&#8221;top&#8221; fullwidth=&#8221;yes&#8221; parallax_bg=&#8221;true&#8221;][vc_column][vc_single_image image=&#8221;1174&#8243; img_size=&#8221;full&#8221;][\/vc_column][\/vc_row][vc_row][vc_column offset=&#8221;vc_col-md-12&#8243;][vc_empty_space height=&#8221;50px&#8221;][vc_column_text css=&#8221;.vc_custom_1695210667981{margin-top: 25px !important;margin-bottom: 25px !important;}&#8221;]O mic\u0103 parte din mo\u0219tenirea fotografic\u0103 a lui\u00a0 J\u00e1nos Szab\u00f3 se afl\u0103 \u00een prezent \u00een Biblioteca Documentar\u0103 Bethlen G\u00e1bor din Aiud. Dou\u0103 albume con\u021bin negativele fotografiilor pe care le-a f\u0103cut. Cu excep\u021bia c\u00e2torva copii mari, acestea nu au fost p\u0103strate sub form\u0103 tip\u0103rit\u0103. [&hellip;]\" \/>\n<meta property=\"og:url\" content=\"https:\/\/www.aiudulmeu.ro\/szabo\/ro\/mostenirea-fotografica\/\" \/>\n<meta property=\"og:site_name\" content=\"Szab\u00f3 J\u00e1nos fot\u00f3m\u0171v\u00e9sz\" \/>\n<meta property=\"article:modified_time\" content=\"2023-09-20T11:51:09+00:00\" \/>\n<meta property=\"og:image\" content=\"https:\/\/www.aiudulmeu.ro\/szabo\/wp-content\/uploads\/2022\/10\/megemlekezes-fb.jpg\" \/>\n\t<meta property=\"og:image:width\" content=\"768\" \/>\n\t<meta property=\"og:image:height\" content=\"469\" \/>\n\t<meta property=\"og:image:type\" content=\"image\/jpeg\" \/>\n<meta name=\"twitter:card\" content=\"summary_large_image\" \/>\n<meta name=\"twitter:image\" content=\"https:\/\/www.aiudulmeu.ro\/szabo\/wp-content\/uploads\/2022\/10\/megemlekezes-fb.jpg\" \/>\n<meta name=\"twitter:label1\" content=\"Est. reading time\" \/>\n\t<meta name=\"twitter:data1\" content=\"6 minutes\" \/>\n<script type=\"application\/ld+json\" class=\"yoast-schema-graph\">{\"@context\":\"https:\\\/\\\/schema.org\",\"@graph\":[{\"@type\":\"WebPage\",\"@id\":\"https:\\\/\\\/www.aiudulmeu.ro\\\/szabo\\\/ro\\\/mostenirea-fotografica\\\/\",\"url\":\"https:\\\/\\\/www.aiudulmeu.ro\\\/szabo\\\/ro\\\/mostenirea-fotografica\\\/\",\"name\":\"Mo\u0219tenirea fotografic\u0103 - Szab\u00f3 J\u00e1nos fot\u00f3m\u0171v\u00e9sz\",\"isPartOf\":{\"@id\":\"https:\\\/\\\/www.aiudulmeu.ro\\\/szabo\\\/#website\"},\"primaryImageOfPage\":{\"@id\":\"https:\\\/\\\/www.aiudulmeu.ro\\\/szabo\\\/ro\\\/mostenirea-fotografica\\\/#primaryimage\"},\"image\":{\"@id\":\"https:\\\/\\\/www.aiudulmeu.ro\\\/szabo\\\/ro\\\/mostenirea-fotografica\\\/#primaryimage\"},\"thumbnailUrl\":\"https:\\\/\\\/www.aiudulmeu.ro\\\/szabo\\\/wp-content\\\/uploads\\\/2023\\\/09\\\/szabo-bgdk-1-ro-300x300.jpg\",\"datePublished\":\"2023-09-15T08:05:37+00:00\",\"dateModified\":\"2023-09-20T11:51:09+00:00\",\"breadcrumb\":{\"@id\":\"https:\\\/\\\/www.aiudulmeu.ro\\\/szabo\\\/ro\\\/mostenirea-fotografica\\\/#breadcrumb\"},\"inLanguage\":\"en-US\",\"potentialAction\":[{\"@type\":\"ReadAction\",\"target\":[\"https:\\\/\\\/www.aiudulmeu.ro\\\/szabo\\\/ro\\\/mostenirea-fotografica\\\/\"]}]},{\"@type\":\"ImageObject\",\"inLanguage\":\"en-US\",\"@id\":\"https:\\\/\\\/www.aiudulmeu.ro\\\/szabo\\\/ro\\\/mostenirea-fotografica\\\/#primaryimage\",\"url\":\"https:\\\/\\\/www.aiudulmeu.ro\\\/szabo\\\/wp-content\\\/uploads\\\/2023\\\/09\\\/szabo-bgdk-1-ro.jpg\",\"contentUrl\":\"https:\\\/\\\/www.aiudulmeu.ro\\\/szabo\\\/wp-content\\\/uploads\\\/2023\\\/09\\\/szabo-bgdk-1-ro.jpg\",\"width\":600,\"height\":600},{\"@type\":\"BreadcrumbList\",\"@id\":\"https:\\\/\\\/www.aiudulmeu.ro\\\/szabo\\\/ro\\\/mostenirea-fotografica\\\/#breadcrumb\",\"itemListElement\":[{\"@type\":\"ListItem\",\"position\":1,\"name\":\"Home\",\"item\":\"https:\\\/\\\/www.aiudulmeu.ro\\\/szabo\\\/\"},{\"@type\":\"ListItem\",\"position\":2,\"name\":\"Mo\u0219tenirea fotografic\u0103\"}]},{\"@type\":\"WebSite\",\"@id\":\"https:\\\/\\\/www.aiudulmeu.ro\\\/szabo\\\/#website\",\"url\":\"https:\\\/\\\/www.aiudulmeu.ro\\\/szabo\\\/\",\"name\":\"Szab\u00f3 J\u00e1nos fot\u00f3m\u0171v\u00e9sz\",\"description\":\"nagyenyedi fot\u00f3m\u0171v\u00e9sz\",\"potentialAction\":[{\"@type\":\"SearchAction\",\"target\":{\"@type\":\"EntryPoint\",\"urlTemplate\":\"https:\\\/\\\/www.aiudulmeu.ro\\\/szabo\\\/?s={search_term_string}\"},\"query-input\":{\"@type\":\"PropertyValueSpecification\",\"valueRequired\":true,\"valueName\":\"search_term_string\"}}],\"inLanguage\":\"en-US\"}]}<\/script>\n<!-- \/ Yoast SEO plugin. -->","yoast_head_json":{"title":"Mo\u0219tenirea fotografic\u0103 - Szab\u00f3 J\u00e1nos fot\u00f3m\u0171v\u00e9sz","robots":{"index":"index","follow":"follow","max-snippet":"max-snippet:-1","max-image-preview":"max-image-preview:large","max-video-preview":"max-video-preview:-1"},"canonical":"https:\/\/www.aiudulmeu.ro\/szabo\/ro\/mostenirea-fotografica\/","og_locale":"en_US","og_type":"article","og_title":"Szab\u00f3 J\u00e1nos fot\u00f3m\u0171v\u00e9sz","og_description":"[vc_row content_placement=&#8221;top&#8221; fullwidth=&#8221;yes&#8221; parallax_bg=&#8221;true&#8221;][vc_column][vc_single_image image=&#8221;1174&#8243; img_size=&#8221;full&#8221;][\/vc_column][\/vc_row][vc_row][vc_column offset=&#8221;vc_col-md-12&#8243;][vc_empty_space height=&#8221;50px&#8221;][vc_column_text css=&#8221;.vc_custom_1695210667981{margin-top: 25px !important;margin-bottom: 25px !important;}&#8221;]O mic\u0103 parte din mo\u0219tenirea fotografic\u0103 a lui\u00a0 J\u00e1nos Szab\u00f3 se afl\u0103 \u00een prezent \u00een Biblioteca Documentar\u0103 Bethlen G\u00e1bor din Aiud. Dou\u0103 albume con\u021bin negativele fotografiilor pe care le-a f\u0103cut. Cu excep\u021bia c\u00e2torva copii mari, acestea nu au fost p\u0103strate sub form\u0103 tip\u0103rit\u0103. [&hellip;]","og_url":"https:\/\/www.aiudulmeu.ro\/szabo\/ro\/mostenirea-fotografica\/","og_site_name":"Szab\u00f3 J\u00e1nos fot\u00f3m\u0171v\u00e9sz","article_modified_time":"2023-09-20T11:51:09+00:00","og_image":[{"width":768,"height":469,"url":"https:\/\/www.aiudulmeu.ro\/szabo\/wp-content\/uploads\/2022\/10\/megemlekezes-fb.jpg","type":"image\/jpeg"}],"twitter_card":"summary_large_image","twitter_image":"https:\/\/www.aiudulmeu.ro\/szabo\/wp-content\/uploads\/2022\/10\/megemlekezes-fb.jpg","twitter_misc":{"Est. reading time":"6 minutes"},"schema":{"@context":"https:\/\/schema.org","@graph":[{"@type":"WebPage","@id":"https:\/\/www.aiudulmeu.ro\/szabo\/ro\/mostenirea-fotografica\/","url":"https:\/\/www.aiudulmeu.ro\/szabo\/ro\/mostenirea-fotografica\/","name":"Mo\u0219tenirea fotografic\u0103 - Szab\u00f3 J\u00e1nos fot\u00f3m\u0171v\u00e9sz","isPartOf":{"@id":"https:\/\/www.aiudulmeu.ro\/szabo\/#website"},"primaryImageOfPage":{"@id":"https:\/\/www.aiudulmeu.ro\/szabo\/ro\/mostenirea-fotografica\/#primaryimage"},"image":{"@id":"https:\/\/www.aiudulmeu.ro\/szabo\/ro\/mostenirea-fotografica\/#primaryimage"},"thumbnailUrl":"https:\/\/www.aiudulmeu.ro\/szabo\/wp-content\/uploads\/2023\/09\/szabo-bgdk-1-ro-300x300.jpg","datePublished":"2023-09-15T08:05:37+00:00","dateModified":"2023-09-20T11:51:09+00:00","breadcrumb":{"@id":"https:\/\/www.aiudulmeu.ro\/szabo\/ro\/mostenirea-fotografica\/#breadcrumb"},"inLanguage":"en-US","potentialAction":[{"@type":"ReadAction","target":["https:\/\/www.aiudulmeu.ro\/szabo\/ro\/mostenirea-fotografica\/"]}]},{"@type":"ImageObject","inLanguage":"en-US","@id":"https:\/\/www.aiudulmeu.ro\/szabo\/ro\/mostenirea-fotografica\/#primaryimage","url":"https:\/\/www.aiudulmeu.ro\/szabo\/wp-content\/uploads\/2023\/09\/szabo-bgdk-1-ro.jpg","contentUrl":"https:\/\/www.aiudulmeu.ro\/szabo\/wp-content\/uploads\/2023\/09\/szabo-bgdk-1-ro.jpg","width":600,"height":600},{"@type":"BreadcrumbList","@id":"https:\/\/www.aiudulmeu.ro\/szabo\/ro\/mostenirea-fotografica\/#breadcrumb","itemListElement":[{"@type":"ListItem","position":1,"name":"Home","item":"https:\/\/www.aiudulmeu.ro\/szabo\/"},{"@type":"ListItem","position":2,"name":"Mo\u0219tenirea fotografic\u0103"}]},{"@type":"WebSite","@id":"https:\/\/www.aiudulmeu.ro\/szabo\/#website","url":"https:\/\/www.aiudulmeu.ro\/szabo\/","name":"Szab\u00f3 J\u00e1nos fot\u00f3m\u0171v\u00e9sz","description":"nagyenyedi fot\u00f3m\u0171v\u00e9sz","potentialAction":[{"@type":"SearchAction","target":{"@type":"EntryPoint","urlTemplate":"https:\/\/www.aiudulmeu.ro\/szabo\/?s={search_term_string}"},"query-input":{"@type":"PropertyValueSpecification","valueRequired":true,"valueName":"search_term_string"}}],"inLanguage":"en-US"}]}},"_links":{"self":[{"href":"https:\/\/www.aiudulmeu.ro\/szabo\/wp-json\/wp\/v2\/pages\/2143","targetHints":{"allow":["GET"]}}],"collection":[{"href":"https:\/\/www.aiudulmeu.ro\/szabo\/wp-json\/wp\/v2\/pages"}],"about":[{"href":"https:\/\/www.aiudulmeu.ro\/szabo\/wp-json\/wp\/v2\/types\/page"}],"author":[{"embeddable":true,"href":"https:\/\/www.aiudulmeu.ro\/szabo\/wp-json\/wp\/v2\/users\/1"}],"replies":[{"embeddable":true,"href":"https:\/\/www.aiudulmeu.ro\/szabo\/wp-json\/wp\/v2\/comments?post=2143"}],"version-history":[{"count":10,"href":"https:\/\/www.aiudulmeu.ro\/szabo\/wp-json\/wp\/v2\/pages\/2143\/revisions"}],"predecessor-version":[{"id":2230,"href":"https:\/\/www.aiudulmeu.ro\/szabo\/wp-json\/wp\/v2\/pages\/2143\/revisions\/2230"}],"wp:attachment":[{"href":"https:\/\/www.aiudulmeu.ro\/szabo\/wp-json\/wp\/v2\/media?parent=2143"}],"curies":[{"name":"wp","href":"https:\/\/api.w.org\/{rel}","templated":true}]}}