{"id":2195,"date":"2023-09-19T08:43:34","date_gmt":"2023-09-19T08:43:34","guid":{"rendered":"https:\/\/www.aiudulmeu.ro\/szabo\/?page_id=2195"},"modified":"2023-09-19T10:24:42","modified_gmt":"2023-09-19T10:24:42","slug":"albumul-chipurile-trecutului","status":"publish","type":"page","link":"https:\/\/www.aiudulmeu.ro\/szabo\/ro\/albumul-chipurile-trecutului\/","title":{"rendered":"Albumul Chipurile trecutului"},"content":{"rendered":"<div class=\"wpb-content-wrapper\"><p>[vc_row content_placement=&#8221;top&#8221; fullwidth=&#8221;yes&#8221; parallax_bg=&#8221;true&#8221;][vc_column][vc_single_image image=&#8221;1174&#8243; img_size=&#8221;full&#8221;][\/vc_column][\/vc_row][vc_row][vc_column offset=&#8221;vc_col-md-12&#8243;]\n    <h2 class=\"text-left\" >Albumul 'Chipurile trecutului'<\/h2>\n    \t    <div class=\"wprt-lines style-1 custom-3\">\n\t        <div class=\"line-1\"><\/div>\n\t    <\/div>\n    \n        \t\n[vc_empty_space height=&#8221;50px&#8221;][vc_column_text css=&#8221;.vc_custom_1695118466945{margin-top: 25px !important;margin-bottom: 25px !important;}&#8221;]<a href=\"https:\/\/www.aiudulmeu.ro\/szabo\/wp-content\/uploads\/2023\/09\/szabo-janos-album.jpg\"><img loading=\"lazy\" decoding=\"async\" class=\"alignright size-medium wp-image-2193\" src=\"https:\/\/www.aiudulmeu.ro\/szabo\/wp-content\/uploads\/2023\/09\/szabo-janos-album-300x300.jpg\" alt=\"\" width=\"300\" height=\"300\" srcset=\"https:\/\/www.aiudulmeu.ro\/szabo\/wp-content\/uploads\/2023\/09\/szabo-janos-album-300x300.jpg 300w, https:\/\/www.aiudulmeu.ro\/szabo\/wp-content\/uploads\/2023\/09\/szabo-janos-album-150x150.jpg 150w, https:\/\/www.aiudulmeu.ro\/szabo\/wp-content\/uploads\/2023\/09\/szabo-janos-album-768x768.jpg 768w, https:\/\/www.aiudulmeu.ro\/szabo\/wp-content\/uploads\/2023\/09\/szabo-janos-album.jpg 800w\" sizes=\"auto, (max-width: 300px) 100vw, 300px\" \/><\/a><span class=\"HwtZe\" lang=\"ro\"><span class=\"jCAhz ChMk0b\"><span class=\"ryNqvb\">O selec\u021bie a fotografiilor lui J\u00e1nos Szab\u00f3 a fost publicat\u0103 \u0219i \u00een form\u0103 tip\u0103rit\u0103, editat\u0103 de Edina Gord\u00e1n.<\/span><\/span> <span class=\"jCAhz ChMk0b\"><span class=\"ryNqvb\">Albumul <em>Chipurile trecutului<\/em>.<\/span><\/span> <span class=\"jCAhz ChMk0b\"><span class=\"ryNqvb\"><em>O selec\u021bie din mo\u0219tenirea fotografic\u0103 a lui J\u00e1nos Szab\u00f3<\/em> a fost publicat\u0103 la Cluj-Napoca de editura Mega \u00een anul 2023.<\/span><\/span> <span class=\"jCAhz ChMk0b\"><span class=\"ryNqvb\">Costurile de tip\u0103rire ale volumului au fost finan\u021bate de Consiliul Jude\u021bean Alba, astfel c\u0103 acesta nu poate fi pus \u00een circula\u021bie comercial\u0103.<\/span><\/span> <span class=\"jCAhz ChMk0b\"><span class=\"ryNqvb\">\u00cen studiul introductiv al volumului se pot citi \u00een maghiar\u0103 \u0219i rom\u00e2n\u0103 biografia fotografului \u0219i o scurt\u0103 prezentare a mo\u0219tenirii sale fotografice.<\/span><\/span> <span class=\"jCAhz ChMk0b\"><span class=\"ryNqvb\">\u00cen album sunt 183 de fotografii.<\/span><\/span> <span class=\"jCAhz ChMk0b\"><span class=\"ryNqvb\">Selec\u021bia include \u00een principal imagini legate de Aiud \u0219i jude\u021bul Alba, dar \u00een volum apar \u0219i fotografii din Media\u0219 \u0219i Bucure\u0219ti.<\/span><\/span> <span class=\"jCAhz ChMk0b\"><span class=\"ryNqvb\">\u00cen prima jum\u0103tate a albumului, putem vedea fotografii portret, majoritatea provin de la familia \u0219i prietenii lui J\u00e1nos Szab\u00f3.<\/span><\/span> <span class=\"jCAhz ChMk0b\"><span class=\"ryNqvb\">Prin imaginile din album, putem ob\u021bine o perspectiv\u0103 asupra st\u0103rii de spirit a epocii date \u0219i trecutul Aiudului devine mai uman.<\/span><\/span><\/span><\/p>\n<p>Gord\u00e1n Edina, <span class=\"HwtZe\" lang=\"ro\"><span class=\"jCAhz ChMk0b\"><span class=\"ryNqvb\">bibliotecar<\/span><\/span><\/span><br \/>\n<em>Biblioteca Documentar\u0103 Bethlen G\u00e1bor, Aiud<\/em>[\/vc_column_text][vc_empty_space height=&#8221;50px&#8221;][\/vc_column][\/vc_row][vc_row][vc_column][\/vc_column][\/vc_row]<\/p>\n<\/div>","protected":false},"excerpt":{"rendered":"<p>[vc_row content_placement=&#8221;top&#8221; fullwidth=&#8221;yes&#8221; parallax_bg=&#8221;true&#8221;][vc_column][vc_single_image image=&#8221;1174&#8243; img_size=&#8221;full&#8221;][\/vc_column][\/vc_row][vc_row][vc_column offset=&#8221;vc_col-md-12&#8243;][vc_empty_space height=&#8221;50px&#8221;][vc_column_text css=&#8221;.vc_custom_1695118466945{margin-top: 25px !important;margin-bottom: 25px !important;}&#8221;]O selec\u021bie a fotografiilor lui J\u00e1nos Szab\u00f3 a fost publicat\u0103 \u0219i \u00een form\u0103 tip\u0103rit\u0103, editat\u0103 de Edina Gord\u00e1n. Albumul Chipurile trecutului. O selec\u021bie din mo\u0219tenirea fotografic\u0103 a lui J\u00e1nos Szab\u00f3 a fost publicat\u0103 la Cluj-Napoca de editura Mega \u00een anul 2023. Costurile de [&hellip;]<\/p>\n","protected":false},"author":1,"featured_media":0,"parent":0,"menu_order":0,"comment_status":"closed","ping_status":"closed","template":"page-templates\/template-trans.php","meta":{"footnotes":""},"class_list":["post-2195","page","type-page","status-publish","hentry"],"yoast_head":"<!-- This site is optimized with the Yoast SEO plugin v27.4 - https:\/\/yoast.com\/product\/yoast-seo-wordpress\/ -->\n<title>Albumul Chipurile trecutului - Szab\u00f3 J\u00e1nos fot\u00f3m\u0171v\u00e9sz<\/title>\n<meta name=\"robots\" content=\"index, follow, max-snippet:-1, max-image-preview:large, max-video-preview:-1\" \/>\n<link rel=\"canonical\" href=\"https:\/\/www.aiudulmeu.ro\/szabo\/ro\/albumul-chipurile-trecutului\/\" \/>\n<meta property=\"og:locale\" content=\"en_US\" \/>\n<meta property=\"og:type\" content=\"article\" \/>\n<meta property=\"og:title\" content=\"Szab\u00f3 J\u00e1nos fot\u00f3m\u0171v\u00e9sz\" \/>\n<meta property=\"og:description\" content=\"[vc_row content_placement=&#8221;top&#8221; fullwidth=&#8221;yes&#8221; parallax_bg=&#8221;true&#8221;][vc_column][vc_single_image image=&#8221;1174&#8243; img_size=&#8221;full&#8221;][\/vc_column][\/vc_row][vc_row][vc_column offset=&#8221;vc_col-md-12&#8243;][vc_empty_space height=&#8221;50px&#8221;][vc_column_text css=&#8221;.vc_custom_1695118466945{margin-top: 25px !important;margin-bottom: 25px !important;}&#8221;]O selec\u021bie a fotografiilor lui J\u00e1nos Szab\u00f3 a fost publicat\u0103 \u0219i \u00een form\u0103 tip\u0103rit\u0103, editat\u0103 de Edina Gord\u00e1n. Albumul Chipurile trecutului. O selec\u021bie din mo\u0219tenirea fotografic\u0103 a lui J\u00e1nos Szab\u00f3 a fost publicat\u0103 la Cluj-Napoca de editura Mega \u00een anul 2023. Costurile de [&hellip;]\" \/>\n<meta property=\"og:url\" content=\"https:\/\/www.aiudulmeu.ro\/szabo\/ro\/albumul-chipurile-trecutului\/\" \/>\n<meta property=\"og:site_name\" content=\"Szab\u00f3 J\u00e1nos fot\u00f3m\u0171v\u00e9sz\" \/>\n<meta property=\"article:modified_time\" content=\"2023-09-19T10:24:42+00:00\" \/>\n<meta property=\"og:image\" content=\"https:\/\/www.aiudulmeu.ro\/szabo\/wp-content\/uploads\/2022\/10\/megemlekezes-fb.jpg\" \/>\n\t<meta property=\"og:image:width\" content=\"768\" \/>\n\t<meta property=\"og:image:height\" content=\"469\" \/>\n\t<meta property=\"og:image:type\" content=\"image\/jpeg\" \/>\n<meta name=\"twitter:card\" content=\"summary_large_image\" \/>\n<meta name=\"twitter:image\" content=\"https:\/\/www.aiudulmeu.ro\/szabo\/wp-content\/uploads\/2022\/10\/megemlekezes-fb.jpg\" \/>\n<meta name=\"twitter:label1\" content=\"Est. reading time\" \/>\n\t<meta name=\"twitter:data1\" content=\"1 minute\" \/>\n<script type=\"application\/ld+json\" class=\"yoast-schema-graph\">{\"@context\":\"https:\\\/\\\/schema.org\",\"@graph\":[{\"@type\":\"WebPage\",\"@id\":\"https:\\\/\\\/www.aiudulmeu.ro\\\/szabo\\\/ro\\\/albumul-chipurile-trecutului\\\/\",\"url\":\"https:\\\/\\\/www.aiudulmeu.ro\\\/szabo\\\/ro\\\/albumul-chipurile-trecutului\\\/\",\"name\":\"Albumul Chipurile trecutului - Szab\u00f3 J\u00e1nos fot\u00f3m\u0171v\u00e9sz\",\"isPartOf\":{\"@id\":\"https:\\\/\\\/www.aiudulmeu.ro\\\/szabo\\\/#website\"},\"primaryImageOfPage\":{\"@id\":\"https:\\\/\\\/www.aiudulmeu.ro\\\/szabo\\\/ro\\\/albumul-chipurile-trecutului\\\/#primaryimage\"},\"image\":{\"@id\":\"https:\\\/\\\/www.aiudulmeu.ro\\\/szabo\\\/ro\\\/albumul-chipurile-trecutului\\\/#primaryimage\"},\"thumbnailUrl\":\"https:\\\/\\\/www.aiudulmeu.ro\\\/szabo\\\/wp-content\\\/uploads\\\/2023\\\/09\\\/szabo-janos-album-300x300.jpg\",\"datePublished\":\"2023-09-19T08:43:34+00:00\",\"dateModified\":\"2023-09-19T10:24:42+00:00\",\"breadcrumb\":{\"@id\":\"https:\\\/\\\/www.aiudulmeu.ro\\\/szabo\\\/ro\\\/albumul-chipurile-trecutului\\\/#breadcrumb\"},\"inLanguage\":\"en-US\",\"potentialAction\":[{\"@type\":\"ReadAction\",\"target\":[\"https:\\\/\\\/www.aiudulmeu.ro\\\/szabo\\\/ro\\\/albumul-chipurile-trecutului\\\/\"]}]},{\"@type\":\"ImageObject\",\"inLanguage\":\"en-US\",\"@id\":\"https:\\\/\\\/www.aiudulmeu.ro\\\/szabo\\\/ro\\\/albumul-chipurile-trecutului\\\/#primaryimage\",\"url\":\"https:\\\/\\\/www.aiudulmeu.ro\\\/szabo\\\/wp-content\\\/uploads\\\/2023\\\/09\\\/szabo-janos-album.jpg\",\"contentUrl\":\"https:\\\/\\\/www.aiudulmeu.ro\\\/szabo\\\/wp-content\\\/uploads\\\/2023\\\/09\\\/szabo-janos-album.jpg\",\"width\":800,\"height\":800},{\"@type\":\"BreadcrumbList\",\"@id\":\"https:\\\/\\\/www.aiudulmeu.ro\\\/szabo\\\/ro\\\/albumul-chipurile-trecutului\\\/#breadcrumb\",\"itemListElement\":[{\"@type\":\"ListItem\",\"position\":1,\"name\":\"Home\",\"item\":\"https:\\\/\\\/www.aiudulmeu.ro\\\/szabo\\\/\"},{\"@type\":\"ListItem\",\"position\":2,\"name\":\"Albumul Chipurile trecutului\"}]},{\"@type\":\"WebSite\",\"@id\":\"https:\\\/\\\/www.aiudulmeu.ro\\\/szabo\\\/#website\",\"url\":\"https:\\\/\\\/www.aiudulmeu.ro\\\/szabo\\\/\",\"name\":\"Szab\u00f3 J\u00e1nos fot\u00f3m\u0171v\u00e9sz\",\"description\":\"nagyenyedi fot\u00f3m\u0171v\u00e9sz\",\"potentialAction\":[{\"@type\":\"SearchAction\",\"target\":{\"@type\":\"EntryPoint\",\"urlTemplate\":\"https:\\\/\\\/www.aiudulmeu.ro\\\/szabo\\\/?s={search_term_string}\"},\"query-input\":{\"@type\":\"PropertyValueSpecification\",\"valueRequired\":true,\"valueName\":\"search_term_string\"}}],\"inLanguage\":\"en-US\"}]}<\/script>\n<!-- \/ Yoast SEO plugin. -->","yoast_head_json":{"title":"Albumul Chipurile trecutului - Szab\u00f3 J\u00e1nos fot\u00f3m\u0171v\u00e9sz","robots":{"index":"index","follow":"follow","max-snippet":"max-snippet:-1","max-image-preview":"max-image-preview:large","max-video-preview":"max-video-preview:-1"},"canonical":"https:\/\/www.aiudulmeu.ro\/szabo\/ro\/albumul-chipurile-trecutului\/","og_locale":"en_US","og_type":"article","og_title":"Szab\u00f3 J\u00e1nos fot\u00f3m\u0171v\u00e9sz","og_description":"[vc_row content_placement=&#8221;top&#8221; fullwidth=&#8221;yes&#8221; parallax_bg=&#8221;true&#8221;][vc_column][vc_single_image image=&#8221;1174&#8243; img_size=&#8221;full&#8221;][\/vc_column][\/vc_row][vc_row][vc_column offset=&#8221;vc_col-md-12&#8243;][vc_empty_space height=&#8221;50px&#8221;][vc_column_text css=&#8221;.vc_custom_1695118466945{margin-top: 25px !important;margin-bottom: 25px !important;}&#8221;]O selec\u021bie a fotografiilor lui J\u00e1nos Szab\u00f3 a fost publicat\u0103 \u0219i \u00een form\u0103 tip\u0103rit\u0103, editat\u0103 de Edina Gord\u00e1n. Albumul Chipurile trecutului. O selec\u021bie din mo\u0219tenirea fotografic\u0103 a lui J\u00e1nos Szab\u00f3 a fost publicat\u0103 la Cluj-Napoca de editura Mega \u00een anul 2023. Costurile de [&hellip;]","og_url":"https:\/\/www.aiudulmeu.ro\/szabo\/ro\/albumul-chipurile-trecutului\/","og_site_name":"Szab\u00f3 J\u00e1nos fot\u00f3m\u0171v\u00e9sz","article_modified_time":"2023-09-19T10:24:42+00:00","og_image":[{"width":768,"height":469,"url":"https:\/\/www.aiudulmeu.ro\/szabo\/wp-content\/uploads\/2022\/10\/megemlekezes-fb.jpg","type":"image\/jpeg"}],"twitter_card":"summary_large_image","twitter_image":"https:\/\/www.aiudulmeu.ro\/szabo\/wp-content\/uploads\/2022\/10\/megemlekezes-fb.jpg","twitter_misc":{"Est. reading time":"1 minute"},"schema":{"@context":"https:\/\/schema.org","@graph":[{"@type":"WebPage","@id":"https:\/\/www.aiudulmeu.ro\/szabo\/ro\/albumul-chipurile-trecutului\/","url":"https:\/\/www.aiudulmeu.ro\/szabo\/ro\/albumul-chipurile-trecutului\/","name":"Albumul Chipurile trecutului - Szab\u00f3 J\u00e1nos fot\u00f3m\u0171v\u00e9sz","isPartOf":{"@id":"https:\/\/www.aiudulmeu.ro\/szabo\/#website"},"primaryImageOfPage":{"@id":"https:\/\/www.aiudulmeu.ro\/szabo\/ro\/albumul-chipurile-trecutului\/#primaryimage"},"image":{"@id":"https:\/\/www.aiudulmeu.ro\/szabo\/ro\/albumul-chipurile-trecutului\/#primaryimage"},"thumbnailUrl":"https:\/\/www.aiudulmeu.ro\/szabo\/wp-content\/uploads\/2023\/09\/szabo-janos-album-300x300.jpg","datePublished":"2023-09-19T08:43:34+00:00","dateModified":"2023-09-19T10:24:42+00:00","breadcrumb":{"@id":"https:\/\/www.aiudulmeu.ro\/szabo\/ro\/albumul-chipurile-trecutului\/#breadcrumb"},"inLanguage":"en-US","potentialAction":[{"@type":"ReadAction","target":["https:\/\/www.aiudulmeu.ro\/szabo\/ro\/albumul-chipurile-trecutului\/"]}]},{"@type":"ImageObject","inLanguage":"en-US","@id":"https:\/\/www.aiudulmeu.ro\/szabo\/ro\/albumul-chipurile-trecutului\/#primaryimage","url":"https:\/\/www.aiudulmeu.ro\/szabo\/wp-content\/uploads\/2023\/09\/szabo-janos-album.jpg","contentUrl":"https:\/\/www.aiudulmeu.ro\/szabo\/wp-content\/uploads\/2023\/09\/szabo-janos-album.jpg","width":800,"height":800},{"@type":"BreadcrumbList","@id":"https:\/\/www.aiudulmeu.ro\/szabo\/ro\/albumul-chipurile-trecutului\/#breadcrumb","itemListElement":[{"@type":"ListItem","position":1,"name":"Home","item":"https:\/\/www.aiudulmeu.ro\/szabo\/"},{"@type":"ListItem","position":2,"name":"Albumul Chipurile trecutului"}]},{"@type":"WebSite","@id":"https:\/\/www.aiudulmeu.ro\/szabo\/#website","url":"https:\/\/www.aiudulmeu.ro\/szabo\/","name":"Szab\u00f3 J\u00e1nos fot\u00f3m\u0171v\u00e9sz","description":"nagyenyedi fot\u00f3m\u0171v\u00e9sz","potentialAction":[{"@type":"SearchAction","target":{"@type":"EntryPoint","urlTemplate":"https:\/\/www.aiudulmeu.ro\/szabo\/?s={search_term_string}"},"query-input":{"@type":"PropertyValueSpecification","valueRequired":true,"valueName":"search_term_string"}}],"inLanguage":"en-US"}]}},"_links":{"self":[{"href":"https:\/\/www.aiudulmeu.ro\/szabo\/wp-json\/wp\/v2\/pages\/2195","targetHints":{"allow":["GET"]}}],"collection":[{"href":"https:\/\/www.aiudulmeu.ro\/szabo\/wp-json\/wp\/v2\/pages"}],"about":[{"href":"https:\/\/www.aiudulmeu.ro\/szabo\/wp-json\/wp\/v2\/types\/page"}],"author":[{"embeddable":true,"href":"https:\/\/www.aiudulmeu.ro\/szabo\/wp-json\/wp\/v2\/users\/1"}],"replies":[{"embeddable":true,"href":"https:\/\/www.aiudulmeu.ro\/szabo\/wp-json\/wp\/v2\/comments?post=2195"}],"version-history":[{"count":5,"href":"https:\/\/www.aiudulmeu.ro\/szabo\/wp-json\/wp\/v2\/pages\/2195\/revisions"}],"predecessor-version":[{"id":2217,"href":"https:\/\/www.aiudulmeu.ro\/szabo\/wp-json\/wp\/v2\/pages\/2195\/revisions\/2217"}],"wp:attachment":[{"href":"https:\/\/www.aiudulmeu.ro\/szabo\/wp-json\/wp\/v2\/media?parent=2195"}],"curies":[{"name":"wp","href":"https:\/\/api.w.org\/{rel}","templated":true}]}}